{"id":1581,"date":"2025-01-29T13:28:37","date_gmt":"2025-01-29T13:28:37","guid":{"rendered":"https:\/\/giethoornfromamsterdam.com\/?page_id=1581"},"modified":"2025-04-04T12:06:29","modified_gmt":"2025-04-04T12:06:29","slug":"lugares-de-estacionamento-gratuitos-giethoorn","status":"publish","type":"page","link":"https:\/\/giethoornfromamsterdam.com\/pt\/lugares-de-estacionamento-gratuitos-giethoorn\/","title":{"rendered":"Lugares de estacionamento gratuitos em Giethoorn"},"content":{"rendered":"<div data-elementor-type=\"wp-page\" data-elementor-id=\"1581\" class=\"elementor elementor-1581\" data-elementor-post-type=\"page\">\n\t\t\t\t<div class=\"elementor-element elementor-element-8f24446 e-flex e-con-boxed e-con e-parent\" data-id=\"8f24446\" data-element_type=\"container\" data-e-type=\"container\" data-settings=\"{&quot;background_background&quot;:&quot;classic&quot;}\">\n\t\t\t\t\t<div class=\"e-con-inner\">\n\t\t<div class=\"elementor-element elementor-element-ad44c75 e-con-full e-flex e-con e-child\" data-id=\"ad44c75\" data-element_type=\"container\" data-e-type=\"container\">\n\t\t\t\t<div class=\"elementor-element elementor-element-7baff0b elementor-widget elementor-widget-heading\" data-id=\"7baff0b\" data-element_type=\"widget\" data-e-type=\"widget\" data-widget_type=\"heading.default\">\n\t\t\t\t\t<h6 class=\"elementor-heading-title elementor-size-default\">Estacionamento em Giethoorn<\/h6>\t\t\t\t<\/div>\n\t\t\t\t<div class=\"elementor-element elementor-element-c1b61a2 elementor-widget elementor-widget-heading\" data-id=\"c1b61a2\" data-element_type=\"widget\" data-e-type=\"widget\" data-widget_type=\"heading.default\">\n\t\t\t\t\t<h1 class=\"elementor-heading-title elementor-size-default\">Lugares de estacionamento gratuitos em Giethoorn<\/h1>\t\t\t\t<\/div>\n\t\t\t\t<div class=\"elementor-element elementor-element-e1ddf8b elementor-widget elementor-widget-text-editor\" data-id=\"e1ddf8b\" data-element_type=\"widget\" data-e-type=\"widget\" data-widget_type=\"text-editor.default\">\n\t\t\t\t\t\t\t\t\t<p>Procura estacionamento gratuito em Giethoorn? Embora Giethoorn seja uma aldeia sem carros, existem v\u00e1rias \u00e1reas de estacionamento gratuito mesmo \u00e0 sa\u00edda do centro, facilitando aos visitantes a explora\u00e7\u00e3o deste belo destino holand\u00eas.<\/p>\t\t\t\t\t\t\t\t<\/div>\n\t\t\t\t<\/div>\n\t\t\t\t\t<\/div>\n\t\t\t\t<\/div>\n\t\t<div class=\"elementor-element elementor-element-5542b88 e-con-full e-flex e-con e-parent\" data-id=\"5542b88\" data-element_type=\"container\" data-e-type=\"container\">\n\t\t\t\t<div class=\"elementor-element elementor-element-8a02892 elementor-widget elementor-widget-heading\" data-id=\"8a02892\" data-element_type=\"widget\" data-e-type=\"widget\" data-widget_type=\"heading.default\">\n\t\t\t\t\t<h2 class=\"elementor-heading-title elementor-size-default\">As 3 principais zonas de estacionamento gratuito<\/h2>\t\t\t\t<\/div>\n\t\t<div class=\"elementor-element elementor-element-4a9f452 e-con-full e-flex e-con e-child\" data-id=\"4a9f452\" data-element_type=\"container\" data-e-type=\"container\">\n\t\t<div class=\"elementor-element elementor-element-c29c1a0 e-con-full e-flex e-con e-child\" data-id=\"c29c1a0\" data-element_type=\"container\" data-e-type=\"container\">\n\t\t\t\t<div class=\"elementor-element elementor-element-dff5f2a elementor-widget elementor-widget-text-editor\" data-id=\"dff5f2a\" data-element_type=\"widget\" data-e-type=\"widget\" data-widget_type=\"text-editor.default\">\n\t\t\t\t\t\t\t\t\t<h3 class=\"elementor-heading-title elementor-size-default elementor-inline-editing pen\" contenteditable=\"true\" data-elementor-setting-key=\"title\" data-pen-placeholder=\"Hier typen...\">Centro P1<\/h3><p>No centro da cidade, esta \u00e9 a maior \u00e1rea de estacionamento gratuito com mais de 250 lugares dispon\u00edveis. \u00c9 a primeira op\u00e7\u00e3o conveniente que encontrar\u00e1 para estacionar em Giethoorn. No entanto, durante a \u00e9poca alta, este local tende a encher-se rapidamente de visitantes.<\/p>\t\t\t\t\t\t\t\t<\/div>\n\t\t\t\t<div class=\"elementor-element elementor-element-c8058da elementor-widget elementor-widget-google_maps\" data-id=\"c8058da\" data-element_type=\"widget\" data-e-type=\"widget\" data-widget_type=\"google_maps.default\">\n\t\t\t\t\t\t\t<div class=\"elementor-custom-embed\">\n\t\t\t<iframe loading=\"lazy\"\n\t\t\t\t\tsrc=\"https:\/\/maps.google.com\/maps?q=Eendrachtsplein%204%208355DL%20Giethoorn&#038;t=m&#038;z=16&#038;output=embed&#038;iwloc=near\"\n\t\t\t\t\ttitle=\"Eendrachtsplein 4 8355DL Giethoorn\"\n\t\t\t\t\taria-label=\"Eendrachtsplein 4 8355DL Giethoorn\"\n\t\t\t><\/iframe>\n\t\t<\/div>\n\t\t\t\t\t\t<\/div>\n\t\t\t\t<\/div>\n\t\t<div class=\"elementor-element elementor-element-52bbf48 e-con-full e-flex e-con e-child\" data-id=\"52bbf48\" data-element_type=\"container\" data-e-type=\"container\">\n\t\t\t\t<div class=\"elementor-element elementor-element-7b59bbc elementor-widget elementor-widget-text-editor\" data-id=\"7b59bbc\" data-element_type=\"widget\" data-e-type=\"widget\" data-widget_type=\"text-editor.default\">\n\t\t\t\t\t\t\t\t\t<h3 class=\"elementor-heading-title elementor-size-default elementor-inline-editing pen\" contenteditable=\"true\" data-elementor-setting-key=\"title\" data-pen-placeholder=\"Hier typen...\">Centro P2<\/h3><p>Para este parque de estacionamento, \u00e9 preciso ir um pouco mais longe. Muitas pessoas n\u00e3o conhecem este lugar, mas ele est\u00e1 situado no cora\u00e7\u00e3o do centro. Tem frequentemente disponibilidade e o estacionamento \u00e9 gratuito. Existem 160 lugares, incluindo lugares para autocarros de turismo.<\/p>\t\t\t\t\t\t\t\t<\/div>\n\t\t\t\t<div class=\"elementor-element elementor-element-642d8a9 elementor-widget elementor-widget-google_maps\" data-id=\"642d8a9\" data-element_type=\"widget\" data-e-type=\"widget\" data-widget_type=\"google_maps.default\">\n\t\t\t\t\t\t\t<div class=\"elementor-custom-embed\">\n\t\t\t<iframe loading=\"lazy\"\n\t\t\t\t\tsrc=\"https:\/\/maps.google.com\/maps?q=Henri%20Willig%20Cheese%20Farm%20Store%20Giethoorn&#038;t=m&#038;z=16&#038;output=embed&#038;iwloc=near\"\n\t\t\t\t\ttitle=\"Loja da Quinta do Queijo Henri Willig Giethoorn\"\n\t\t\t\t\taria-label=\"Loja da Quinta do Queijo Henri Willig Giethoorn\"\n\t\t\t><\/iframe>\n\t\t<\/div>\n\t\t\t\t\t\t<\/div>\n\t\t\t\t<\/div>\n\t\t<div class=\"elementor-element elementor-element-e97fefe e-con-full e-flex e-con e-child\" data-id=\"e97fefe\" data-element_type=\"container\" data-e-type=\"container\">\n\t\t\t\t<div class=\"elementor-element elementor-element-0c06e70 elementor-widget elementor-widget-text-editor\" data-id=\"0c06e70\" data-element_type=\"widget\" data-e-type=\"widget\" data-widget_type=\"text-editor.default\">\n\t\t\t\t\t\t\t\t\t<h3 class=\"elementor-heading-title elementor-size-default elementor-inline-editing pen\" contenteditable=\"true\" data-elementor-setting-key=\"title\" data-pen-placeholder=\"Hier typen...\">P3 Aldeia de Giethoorn<\/h3><p>Trata-se de um parque de estacionamento para 60 carros. O estacionamento aqui s\u00f3 \u00e9 de livre acesso se alugar um barco. A partir deste local, pode desfrutar de passeios de barco mais longos, o que \u00e9 um dos pontos altos deste local. Situa-se a 600 metros do centro.<\/p>\t\t\t\t\t\t\t\t<\/div>\n\t\t\t\t<div class=\"elementor-element elementor-element-651ba70 elementor-widget elementor-widget-google_maps\" data-id=\"651ba70\" data-element_type=\"widget\" data-e-type=\"widget\" data-widget_type=\"google_maps.default\">\n\t\t\t\t\t\t\t<div class=\"elementor-custom-embed\">\n\t\t\t<iframe loading=\"lazy\"\n\t\t\t\t\tsrc=\"https:\/\/maps.google.com\/maps?q=giethoorn%20village%2Cgiethoorn&#038;t=m&#038;z=16&#038;output=embed&#038;iwloc=near\"\n\t\t\t\t\ttitle=\"giethoorn village,giethoorn\"\n\t\t\t\t\taria-label=\"giethoorn village,giethoorn\"\n\t\t\t><\/iframe>\n\t\t<\/div>\n\t\t\t\t\t\t<\/div>\n\t\t\t\t<\/div>\n\t\t\t\t<\/div>\n\t\t\t\t<\/div>\n\t\t<div class=\"elementor-element elementor-element-c8fa816 e-flex e-con-boxed e-con e-parent\" data-id=\"c8fa816\" data-element_type=\"container\" data-e-type=\"container\" data-settings=\"{&quot;background_background&quot;:&quot;classic&quot;}\">\n\t\t\t\t\t<div class=\"e-con-inner\">\n\t\t\t\t<div class=\"elementor-element elementor-element-07cf6d7 elementor-widget elementor-widget-heading\" data-id=\"07cf6d7\" data-element_type=\"widget\" data-e-type=\"widget\" data-widget_type=\"heading.default\">\n\t\t\t\t\t<h2 class=\"elementor-heading-title elementor-size-default\">Zonas de estacionamento pago perto do centro<\/h2>\t\t\t\t<\/div>\n\t\t<div class=\"elementor-element elementor-element-e813224 e-flex e-con-boxed e-con e-child\" data-id=\"e813224\" data-element_type=\"container\" data-e-type=\"container\">\n\t\t\t\t\t<div class=\"e-con-inner\">\n\t\t<div class=\"elementor-element elementor-element-44013f5 e-con-full e-flex e-con e-child\" data-id=\"44013f5\" data-element_type=\"container\" data-e-type=\"container\">\n\t\t<div class=\"elementor-element elementor-element-db0702e e-flex e-con-boxed e-con e-child\" data-id=\"db0702e\" data-element_type=\"container\" data-e-type=\"container\">\n\t\t\t\t\t<div class=\"e-con-inner\">\n\t\t\t\t<div class=\"elementor-element elementor-element-12355f1 elementor-widget elementor-widget-text-editor\" data-id=\"12355f1\" data-element_type=\"widget\" data-e-type=\"widget\" data-widget_type=\"text-editor.default\">\n\t\t\t\t\t\t\t\t\t<h3 class=\"elementor-heading-title elementor-size-default elementor-inline-editing pen\" contenteditable=\"true\" data-elementor-setting-key=\"title\" data-pen-placeholder=\"Hier typen...\">P1 Estacionamento Binnenpad 14<\/h3><p>Ao entrar em Giethoorn pelo lado norte, encontrar\u00e1 uma das maiores \u00e1reas de estacionamento da aldeia. Situada junto a um restaurante, oferece cerca de 300 lugares de estacionamento. O custo \u00e9 de 4 euros por dia. Situa-se a 200 metros do centro.<\/p>\t\t\t\t\t\t\t\t<\/div>\n\t\t\t\t\t<\/div>\n\t\t\t\t<\/div>\n\t\t\t\t<div class=\"elementor-element elementor-element-cb24ac0 elementor-widget elementor-widget-google_maps\" data-id=\"cb24ac0\" data-element_type=\"widget\" data-e-type=\"widget\" data-widget_type=\"google_maps.default\">\n\t\t\t\t\t\t\t<div class=\"elementor-custom-embed\">\n\t\t\t<iframe loading=\"lazy\"\n\t\t\t\t\tsrc=\"https:\/\/maps.google.com\/maps?q=binnenpad%2014%2C%20giethoorn&#038;t=m&#038;z=16&#038;output=embed&#038;iwloc=near\"\n\t\t\t\t\ttitle=\"binnenpad 14, giethoorn\"\n\t\t\t\t\taria-label=\"binnenpad 14, giethoorn\"\n\t\t\t><\/iframe>\n\t\t<\/div>\n\t\t\t\t\t\t<\/div>\n\t\t\t\t<\/div>\n\t\t<div class=\"elementor-element elementor-element-7f3b9b4 e-con-full e-flex e-con e-child\" data-id=\"7f3b9b4\" data-element_type=\"container\" data-e-type=\"container\">\n\t\t<div class=\"elementor-element elementor-element-6e0359b e-con-full e-flex e-con e-child\" data-id=\"6e0359b\" data-element_type=\"container\" data-e-type=\"container\">\n\t\t\t\t<div class=\"elementor-element elementor-element-469ecea elementor-widget elementor-widget-text-editor\" data-id=\"469ecea\" data-element_type=\"widget\" data-e-type=\"widget\" data-widget_type=\"text-editor.default\">\n\t\t\t\t\t\t\t\t\t<h3 class=\"elementor-heading-title elementor-size-default elementor-inline-editing pen\" contenteditable=\"true\" data-elementor-setting-key=\"title\" data-pen-placeholder=\"Hier typen...\">Centro P3<\/h3><p>Esta \u00e1rea de estacionamento fica mais perto do centro e \u00e9 a melhor op\u00e7\u00e3o se vier do lado sul de Giethoorn. Certifique-se de que verifica se a sua empresa de aluguer de barcos se encontra nas proximidades. <br \/>200 lugares de estacionamento (autom\u00f3veis)<br \/>Estacionamento por 4 euros por dia<\/p>\t\t\t\t\t\t\t\t<\/div>\n\t\t\t\t<\/div>\n\t\t\t\t<div class=\"elementor-element elementor-element-fc503ba elementor-widget elementor-widget-google_maps\" data-id=\"fc503ba\" data-element_type=\"widget\" data-e-type=\"widget\" data-widget_type=\"google_maps.default\">\n\t\t\t\t\t\t\t<div class=\"elementor-custom-embed\">\n\t\t\t<iframe loading=\"lazy\"\n\t\t\t\t\tsrc=\"https:\/\/maps.google.com\/maps?q=p3%20centrum%2C%20giethoorn%20&#038;t=m&#038;z=16&#038;output=embed&#038;iwloc=near\"\n\t\t\t\t\ttitle=\"p3 centrum, giethoorn \"\n\t\t\t\t\taria-label=\"p3 centrum, giethoorn \"\n\t\t\t><\/iframe>\n\t\t<\/div>\n\t\t\t\t\t\t<\/div>\n\t\t\t\t<\/div>\n\t\t\t\t\t<\/div>\n\t\t\t\t<\/div>\n\t\t\t\t\t<\/div>\n\t\t\t\t<\/div>\n\t\t\t\t<\/div>","protected":false},"excerpt":{"rendered":"<p>Parking in Giethoorn Free parking spots in Giethoorn Looking for free parking in Giethoorn? While Giethoorn is a car-free village, there are several free parking areas just outside the center, making it easy for visitors to explore this beautiful Dutch destination. Top 3 free parking zones P1 Centrum \u200b In the center of town, this [&hellip;]<\/p>\n","protected":false},"author":2,"featured_media":1325,"parent":0,"menu_order":0,"comment_status":"closed","ping_status":"closed","template":"","meta":{"_acf_changed":false,"footnotes":""},"class_list":["post-1581","page","type-page","status-publish","has-post-thumbnail","hentry"],"acf":[],"yoast_head":"<!-- This site is optimized with the Yoast SEO plugin v27.5 - https:\/\/yoast.com\/product\/yoast-seo-wordpress\/ -->\n<title>Free parking places in Giethoorn - Giethoorn from Amsterdam<\/title>\n<meta name=\"description\" content=\"Find the best free parking spots in Giethoorn! Discover where to park for free, avoid high fees, and get tips for a stress-free visit.\" \/>\n<meta name=\"robots\" content=\"index, follow, max-snippet:-1, max-image-preview:large, max-video-preview:-1\" \/>\n<link rel=\"canonical\" href=\"https:\/\/giethoornfromamsterdam.com\/pt\/lugares-de-estacionamento-gratuitos-giethoorn\/\" \/>\n<meta property=\"og:locale\" content=\"pt_PT\" \/>\n<meta property=\"og:type\" content=\"article\" \/>\n<meta property=\"og:title\" content=\"Free parking places in Giethoorn - Giethoorn from Amsterdam\" \/>\n<meta property=\"og:description\" content=\"Find the best free parking spots in Giethoorn! Discover where to park for free, avoid high fees, and get tips for a stress-free visit.\" \/>\n<meta property=\"og:url\" content=\"https:\/\/giethoornfromamsterdam.com\/pt\/lugares-de-estacionamento-gratuitos-giethoorn\/\" \/>\n<meta property=\"og:site_name\" content=\"Giethoorn from Amsterdam\" \/>\n<meta property=\"article:publisher\" content=\"https:\/\/www.facebook.com\/tuliptoursholland\/\" \/>\n<meta property=\"article:modified_time\" content=\"2025-04-04T12:06:29+00:00\" \/>\n<meta property=\"og:image\" content=\"https:\/\/giethoornfromamsterdam.com\/wp-content\/uploads\/2025\/01\/parking-giethoorn-1-1.jpeg\" \/>\n\t<meta property=\"og:image:width\" content=\"1200\" \/>\n\t<meta property=\"og:image:height\" content=\"1600\" \/>\n\t<meta property=\"og:image:type\" content=\"image\/jpeg\" \/>\n<meta name=\"twitter:card\" content=\"summary_large_image\" \/>\n<meta name=\"twitter:label1\" content=\"Tempo estimado de leitura\" \/>\n\t<meta name=\"twitter:data1\" content=\"2 minutos\" \/>\n<script type=\"application\/ld+json\" class=\"yoast-schema-graph\">{\"@context\":\"https:\\\/\\\/schema.org\",\"@graph\":[{\"@type\":\"WebPage\",\"@id\":\"https:\\\/\\\/giethoornfromamsterdam.com\\\/free-parking-places-giethoorn\\\/\",\"url\":\"https:\\\/\\\/giethoornfromamsterdam.com\\\/free-parking-places-giethoorn\\\/\",\"name\":\"Free parking places in Giethoorn - Giethoorn from Amsterdam\",\"isPartOf\":{\"@id\":\"https:\\\/\\\/giethoornfromamsterdam.com\\\/#website\"},\"primaryImageOfPage\":{\"@id\":\"https:\\\/\\\/giethoornfromamsterdam.com\\\/free-parking-places-giethoorn\\\/#primaryimage\"},\"image\":{\"@id\":\"https:\\\/\\\/giethoornfromamsterdam.com\\\/free-parking-places-giethoorn\\\/#primaryimage\"},\"thumbnailUrl\":\"https:\\\/\\\/giethoornfromamsterdam.com\\\/wp-content\\\/uploads\\\/2025\\\/01\\\/parking-giethoorn-1-1.jpeg\",\"datePublished\":\"2025-01-29T13:28:37+00:00\",\"dateModified\":\"2025-04-04T12:06:29+00:00\",\"description\":\"Find the best free parking spots in Giethoorn! Discover where to park for free, avoid high fees, and get tips for a stress-free visit.\",\"breadcrumb\":{\"@id\":\"https:\\\/\\\/giethoornfromamsterdam.com\\\/free-parking-places-giethoorn\\\/#breadcrumb\"},\"inLanguage\":\"pt-PT\",\"potentialAction\":[{\"@type\":\"ReadAction\",\"target\":[\"https:\\\/\\\/giethoornfromamsterdam.com\\\/free-parking-places-giethoorn\\\/\"]}]},{\"@type\":\"ImageObject\",\"inLanguage\":\"pt-PT\",\"@id\":\"https:\\\/\\\/giethoornfromamsterdam.com\\\/free-parking-places-giethoorn\\\/#primaryimage\",\"url\":\"https:\\\/\\\/giethoornfromamsterdam.com\\\/wp-content\\\/uploads\\\/2025\\\/01\\\/parking-giethoorn-1-1.jpeg\",\"contentUrl\":\"https:\\\/\\\/giethoornfromamsterdam.com\\\/wp-content\\\/uploads\\\/2025\\\/01\\\/parking-giethoorn-1-1.jpeg\",\"width\":1200,\"height\":1600,\"caption\":\"free parking places giethoorn\"},{\"@type\":\"BreadcrumbList\",\"@id\":\"https:\\\/\\\/giethoornfromamsterdam.com\\\/free-parking-places-giethoorn\\\/#breadcrumb\",\"itemListElement\":[{\"@type\":\"ListItem\",\"position\":1,\"name\":\"Home\",\"item\":\"https:\\\/\\\/giethoornfromamsterdam.com\\\/\"},{\"@type\":\"ListItem\",\"position\":2,\"name\":\"Free parking places in Giethoorn\"}]},{\"@type\":\"WebSite\",\"@id\":\"https:\\\/\\\/giethoornfromamsterdam.com\\\/#website\",\"url\":\"https:\\\/\\\/giethoornfromamsterdam.com\\\/\",\"name\":\"Giethoorn from Amsterdam\",\"description\":\"Visit Giethoorn from Amsterdam\",\"publisher\":{\"@id\":\"https:\\\/\\\/giethoornfromamsterdam.com\\\/#organization\"},\"alternateName\":\"Visit Giethoorn form Amsterdam\",\"potentialAction\":[{\"@type\":\"SearchAction\",\"target\":{\"@type\":\"EntryPoint\",\"urlTemplate\":\"https:\\\/\\\/giethoornfromamsterdam.com\\\/?s={search_term_string}\"},\"query-input\":{\"@type\":\"PropertyValueSpecification\",\"valueRequired\":true,\"valueName\":\"search_term_string\"}}],\"inLanguage\":\"pt-PT\"},{\"@type\":\"Organization\",\"@id\":\"https:\\\/\\\/giethoornfromamsterdam.com\\\/#organization\",\"name\":\"Giethoorn from Amsterdam\",\"url\":\"https:\\\/\\\/giethoornfromamsterdam.com\\\/\",\"logo\":{\"@type\":\"ImageObject\",\"inLanguage\":\"pt-PT\",\"@id\":\"https:\\\/\\\/giethoornfromamsterdam.com\\\/#\\\/schema\\\/logo\\\/image\\\/\",\"url\":\"https:\\\/\\\/giethoornfromamsterdam.com\\\/wp-content\\\/uploads\\\/2024\\\/12\\\/cropped-Giethoorn-from-Amsterdam-2-.png\",\"contentUrl\":\"https:\\\/\\\/giethoornfromamsterdam.com\\\/wp-content\\\/uploads\\\/2024\\\/12\\\/cropped-Giethoorn-from-Amsterdam-2-.png\",\"width\":567,\"height\":162,\"caption\":\"Giethoorn from Amsterdam\"},\"image\":{\"@id\":\"https:\\\/\\\/giethoornfromamsterdam.com\\\/#\\\/schema\\\/logo\\\/image\\\/\"},\"sameAs\":[\"https:\\\/\\\/www.facebook.com\\\/tuliptoursholland\\\/\"]}]}<\/script>\n<!-- \/ Yoast SEO plugin. -->","yoast_head_json":{"title":"Lugares de estacionamento gratuitos em Giethoorn - Giethoorn a partir de Amesterd\u00e3o","description":"Encontre os melhores lugares de estacionamento gratuitos em Giethoorn! Descubra onde estacionar gratuitamente, evite taxas elevadas e obtenha dicas para uma visita sem stress.","robots":{"index":"index","follow":"follow","max-snippet":"max-snippet:-1","max-image-preview":"max-image-preview:large","max-video-preview":"max-video-preview:-1"},"canonical":"https:\/\/giethoornfromamsterdam.com\/pt\/lugares-de-estacionamento-gratuitos-giethoorn\/","og_locale":"pt_PT","og_type":"article","og_title":"Free parking places in Giethoorn - Giethoorn from Amsterdam","og_description":"Find the best free parking spots in Giethoorn! Discover where to park for free, avoid high fees, and get tips for a stress-free visit.","og_url":"https:\/\/giethoornfromamsterdam.com\/pt\/lugares-de-estacionamento-gratuitos-giethoorn\/","og_site_name":"Giethoorn from Amsterdam","article_publisher":"https:\/\/www.facebook.com\/tuliptoursholland\/","article_modified_time":"2025-04-04T12:06:29+00:00","og_image":[{"width":1200,"height":1600,"url":"https:\/\/giethoornfromamsterdam.com\/wp-content\/uploads\/2025\/01\/parking-giethoorn-1-1.jpeg","type":"image\/jpeg"}],"twitter_card":"summary_large_image","twitter_misc":{"Tempo estimado de leitura":"2 minutos"},"schema":{"@context":"https:\/\/schema.org","@graph":[{"@type":"WebPage","@id":"https:\/\/giethoornfromamsterdam.com\/free-parking-places-giethoorn\/","url":"https:\/\/giethoornfromamsterdam.com\/free-parking-places-giethoorn\/","name":"Lugares de estacionamento gratuitos em Giethoorn - Giethoorn a partir de Amesterd\u00e3o","isPartOf":{"@id":"https:\/\/giethoornfromamsterdam.com\/#website"},"primaryImageOfPage":{"@id":"https:\/\/giethoornfromamsterdam.com\/free-parking-places-giethoorn\/#primaryimage"},"image":{"@id":"https:\/\/giethoornfromamsterdam.com\/free-parking-places-giethoorn\/#primaryimage"},"thumbnailUrl":"https:\/\/giethoornfromamsterdam.com\/wp-content\/uploads\/2025\/01\/parking-giethoorn-1-1.jpeg","datePublished":"2025-01-29T13:28:37+00:00","dateModified":"2025-04-04T12:06:29+00:00","description":"Encontre os melhores lugares de estacionamento gratuitos em Giethoorn! Descubra onde estacionar gratuitamente, evite taxas elevadas e obtenha dicas para uma visita sem stress.","breadcrumb":{"@id":"https:\/\/giethoornfromamsterdam.com\/free-parking-places-giethoorn\/#breadcrumb"},"inLanguage":"pt-PT","potentialAction":[{"@type":"ReadAction","target":["https:\/\/giethoornfromamsterdam.com\/free-parking-places-giethoorn\/"]}]},{"@type":"ImageObject","inLanguage":"pt-PT","@id":"https:\/\/giethoornfromamsterdam.com\/free-parking-places-giethoorn\/#primaryimage","url":"https:\/\/giethoornfromamsterdam.com\/wp-content\/uploads\/2025\/01\/parking-giethoorn-1-1.jpeg","contentUrl":"https:\/\/giethoornfromamsterdam.com\/wp-content\/uploads\/2025\/01\/parking-giethoorn-1-1.jpeg","width":1200,"height":1600,"caption":"free parking places giethoorn"},{"@type":"BreadcrumbList","@id":"https:\/\/giethoornfromamsterdam.com\/free-parking-places-giethoorn\/#breadcrumb","itemListElement":[{"@type":"ListItem","position":1,"name":"Home","item":"https:\/\/giethoornfromamsterdam.com\/"},{"@type":"ListItem","position":2,"name":"Free parking places in Giethoorn"}]},{"@type":"WebSite","@id":"https:\/\/giethoornfromamsterdam.com\/#website","url":"https:\/\/giethoornfromamsterdam.com\/","name":"Giethoorn a partir de Amesterd\u00e3o","description":"Visitar Giethoorn a partir de Amesterd\u00e3o","publisher":{"@id":"https:\/\/giethoornfromamsterdam.com\/#organization"},"alternateName":"Visit Giethoorn form Amsterdam","potentialAction":[{"@type":"SearchAction","target":{"@type":"EntryPoint","urlTemplate":"https:\/\/giethoornfromamsterdam.com\/?s={search_term_string}"},"query-input":{"@type":"PropertyValueSpecification","valueRequired":true,"valueName":"search_term_string"}}],"inLanguage":"pt-PT"},{"@type":"Organization","@id":"https:\/\/giethoornfromamsterdam.com\/#organization","name":"Giethoorn a partir de Amesterd\u00e3o","url":"https:\/\/giethoornfromamsterdam.com\/","logo":{"@type":"ImageObject","inLanguage":"pt-PT","@id":"https:\/\/giethoornfromamsterdam.com\/#\/schema\/logo\/image\/","url":"https:\/\/giethoornfromamsterdam.com\/wp-content\/uploads\/2024\/12\/cropped-Giethoorn-from-Amsterdam-2-.png","contentUrl":"https:\/\/giethoornfromamsterdam.com\/wp-content\/uploads\/2024\/12\/cropped-Giethoorn-from-Amsterdam-2-.png","width":567,"height":162,"caption":"Giethoorn from Amsterdam"},"image":{"@id":"https:\/\/giethoornfromamsterdam.com\/#\/schema\/logo\/image\/"},"sameAs":["https:\/\/www.facebook.com\/tuliptoursholland\/"]}]}},"_links":{"self":[{"href":"https:\/\/giethoornfromamsterdam.com\/pt\/wp-json\/wp\/v2\/pages\/1581","targetHints":{"allow":["GET"]}}],"collection":[{"href":"https:\/\/giethoornfromamsterdam.com\/pt\/wp-json\/wp\/v2\/pages"}],"about":[{"href":"https:\/\/giethoornfromamsterdam.com\/pt\/wp-json\/wp\/v2\/types\/page"}],"author":[{"embeddable":true,"href":"https:\/\/giethoornfromamsterdam.com\/pt\/wp-json\/wp\/v2\/users\/2"}],"replies":[{"embeddable":true,"href":"https:\/\/giethoornfromamsterdam.com\/pt\/wp-json\/wp\/v2\/comments?post=1581"}],"version-history":[{"count":13,"href":"https:\/\/giethoornfromamsterdam.com\/pt\/wp-json\/wp\/v2\/pages\/1581\/revisions"}],"predecessor-version":[{"id":2686,"href":"https:\/\/giethoornfromamsterdam.com\/pt\/wp-json\/wp\/v2\/pages\/1581\/revisions\/2686"}],"wp:featuredmedia":[{"embeddable":true,"href":"https:\/\/giethoornfromamsterdam.com\/pt\/wp-json\/wp\/v2\/media\/1325"}],"wp:attachment":[{"href":"https:\/\/giethoornfromamsterdam.com\/pt\/wp-json\/wp\/v2\/media?parent=1581"}],"curies":[{"name":"wp","href":"https:\/\/api.w.org\/{rel}","templated":true}]}}