{"id":1581,"date":"2025-01-29T13:28:37","date_gmt":"2025-01-29T13:28:37","guid":{"rendered":"https:\/\/giethoornfromamsterdam.com\/?page_id=1581"},"modified":"2025-04-04T12:06:29","modified_gmt":"2025-04-04T12:06:29","slug":"parcheggi-gratuiti-giethoorn","status":"publish","type":"page","link":"https:\/\/giethoornfromamsterdam.com\/it\/parcheggi-gratuiti-giethoorn\/","title":{"rendered":"Parcheggi gratuiti a Giethoorn"},"content":{"rendered":"<div data-elementor-type=\"wp-page\" data-elementor-id=\"1581\" class=\"elementor elementor-1581\" data-elementor-post-type=\"page\">\n\t\t\t\t<div class=\"elementor-element elementor-element-8f24446 e-flex e-con-boxed e-con e-parent\" data-id=\"8f24446\" data-element_type=\"container\" data-e-type=\"container\" data-settings=\"{&quot;background_background&quot;:&quot;classic&quot;}\">\n\t\t\t\t\t<div class=\"e-con-inner\">\n\t\t<div class=\"elementor-element elementor-element-ad44c75 e-con-full e-flex e-con e-child\" data-id=\"ad44c75\" data-element_type=\"container\" data-e-type=\"container\">\n\t\t\t\t<div class=\"elementor-element elementor-element-7baff0b elementor-widget elementor-widget-heading\" data-id=\"7baff0b\" data-element_type=\"widget\" data-e-type=\"widget\" data-widget_type=\"heading.default\">\n\t\t\t\t\t<h6 class=\"elementor-heading-title elementor-size-default\">Parcheggio a Giethoorn<\/h6>\t\t\t\t<\/div>\n\t\t\t\t<div class=\"elementor-element elementor-element-c1b61a2 elementor-widget elementor-widget-heading\" data-id=\"c1b61a2\" data-element_type=\"widget\" data-e-type=\"widget\" data-widget_type=\"heading.default\">\n\t\t\t\t\t<h1 class=\"elementor-heading-title elementor-size-default\">Parcheggi gratuiti a Giethoorn<\/h1>\t\t\t\t<\/div>\n\t\t\t\t<div class=\"elementor-element elementor-element-e1ddf8b elementor-widget elementor-widget-text-editor\" data-id=\"e1ddf8b\" data-element_type=\"widget\" data-e-type=\"widget\" data-widget_type=\"text-editor.default\">\n\t\t\t\t\t\t\t\t\t<p>Cercate un parcheggio gratuito a Giethoorn? Sebbene Giethoorn sia un villaggio senza auto, ci sono diverse aree di parcheggio gratuite appena fuori dal centro, che rendono facile per i visitatori esplorare questa splendida destinazione olandese.<\/p>\t\t\t\t\t\t\t\t<\/div>\n\t\t\t\t<\/div>\n\t\t\t\t\t<\/div>\n\t\t\t\t<\/div>\n\t\t<div class=\"elementor-element elementor-element-5542b88 e-con-full e-flex e-con e-parent\" data-id=\"5542b88\" data-element_type=\"container\" data-e-type=\"container\">\n\t\t\t\t<div class=\"elementor-element elementor-element-8a02892 elementor-widget elementor-widget-heading\" data-id=\"8a02892\" data-element_type=\"widget\" data-e-type=\"widget\" data-widget_type=\"heading.default\">\n\t\t\t\t\t<h2 class=\"elementor-heading-title elementor-size-default\">Le 3 principali zone di parcheggio gratuito<\/h2>\t\t\t\t<\/div>\n\t\t<div class=\"elementor-element elementor-element-4a9f452 e-con-full e-flex e-con e-child\" data-id=\"4a9f452\" data-element_type=\"container\" data-e-type=\"container\">\n\t\t<div class=\"elementor-element elementor-element-c29c1a0 e-con-full e-flex e-con e-child\" data-id=\"c29c1a0\" data-element_type=\"container\" data-e-type=\"container\">\n\t\t\t\t<div class=\"elementor-element elementor-element-dff5f2a elementor-widget elementor-widget-text-editor\" data-id=\"dff5f2a\" data-element_type=\"widget\" data-e-type=\"widget\" data-widget_type=\"text-editor.default\">\n\t\t\t\t\t\t\t\t\t<h3 class=\"elementor-heading-title elementor-size-default elementor-inline-editing pen\" contenteditable=\"true\" data-elementor-setting-key=\"title\" data-pen-placeholder=\"Hier typen...\">P1 Centrum<\/h3><p>Nel centro della citt\u00e0, questo \u00e8 il pi\u00f9 grande parcheggio gratuito con oltre 250 posti disponibili. \u00c8 la prima opzione conveniente per parcheggiare a Giethoorn. Tuttavia, durante l'alta stagione, questo luogo tende a riempirsi rapidamente di visitatori.<\/p>\t\t\t\t\t\t\t\t<\/div>\n\t\t\t\t<div class=\"elementor-element elementor-element-c8058da elementor-widget elementor-widget-google_maps\" data-id=\"c8058da\" data-element_type=\"widget\" data-e-type=\"widget\" data-widget_type=\"google_maps.default\">\n\t\t\t\t\t\t\t<div class=\"elementor-custom-embed\">\n\t\t\t<iframe loading=\"lazy\"\n\t\t\t\t\tsrc=\"https:\/\/maps.google.com\/maps?q=Eendrachtsplein%204%208355DL%20Giethoorn&#038;t=m&#038;z=16&#038;output=embed&#038;iwloc=near\"\n\t\t\t\t\ttitle=\"Eendrachtsplein 4 8355DL Giethoorn\"\n\t\t\t\t\taria-label=\"Eendrachtsplein 4 8355DL Giethoorn\"\n\t\t\t><\/iframe>\n\t\t<\/div>\n\t\t\t\t\t\t<\/div>\n\t\t\t\t<\/div>\n\t\t<div class=\"elementor-element elementor-element-52bbf48 e-con-full e-flex e-con e-child\" data-id=\"52bbf48\" data-element_type=\"container\" data-e-type=\"container\">\n\t\t\t\t<div class=\"elementor-element elementor-element-7b59bbc elementor-widget elementor-widget-text-editor\" data-id=\"7b59bbc\" data-element_type=\"widget\" data-e-type=\"widget\" data-widget_type=\"text-editor.default\">\n\t\t\t\t\t\t\t\t\t<h3 class=\"elementor-heading-title elementor-size-default elementor-inline-editing pen\" contenteditable=\"true\" data-elementor-setting-key=\"title\" data-pen-placeholder=\"Hier typen...\">Centro P2<\/h3><p>Per questo parcheggio, dovrete guidare un po' di pi\u00f9. Molti non conoscono questo punto, ma si trova nel cuore del centro. Spesso \u00e8 disponibile e il parcheggio \u00e8 gratuito. Ci sono 160 posti, compresi quelli per gli autobus turistici.<\/p>\t\t\t\t\t\t\t\t<\/div>\n\t\t\t\t<div class=\"elementor-element elementor-element-642d8a9 elementor-widget elementor-widget-google_maps\" data-id=\"642d8a9\" data-element_type=\"widget\" data-e-type=\"widget\" data-widget_type=\"google_maps.default\">\n\t\t\t\t\t\t\t<div class=\"elementor-custom-embed\">\n\t\t\t<iframe loading=\"lazy\"\n\t\t\t\t\tsrc=\"https:\/\/maps.google.com\/maps?q=Henri%20Willig%20Cheese%20Farm%20Store%20Giethoorn&#038;t=m&#038;z=16&#038;output=embed&#038;iwloc=near\"\n\t\t\t\t\ttitle=\"Henri Willig Caseificio Store Giethoorn\"\n\t\t\t\t\taria-label=\"Henri Willig Caseificio Store Giethoorn\"\n\t\t\t><\/iframe>\n\t\t<\/div>\n\t\t\t\t\t\t<\/div>\n\t\t\t\t<\/div>\n\t\t<div class=\"elementor-element elementor-element-e97fefe e-con-full e-flex e-con e-child\" data-id=\"e97fefe\" data-element_type=\"container\" data-e-type=\"container\">\n\t\t\t\t<div class=\"elementor-element elementor-element-0c06e70 elementor-widget elementor-widget-text-editor\" data-id=\"0c06e70\" data-element_type=\"widget\" data-e-type=\"widget\" data-widget_type=\"text-editor.default\">\n\t\t\t\t\t\t\t\t\t<h3 class=\"elementor-heading-title elementor-size-default elementor-inline-editing pen\" contenteditable=\"true\" data-elementor-setting-key=\"title\" data-pen-placeholder=\"Hier typen...\">P3 Villaggio Giethoorn<\/h3><p>Si tratta di un parcheggio per 60 auto. Il parcheggio \u00e8 liberamente accessibile solo se si noleggia una barca. Da questo luogo \u00e8 possibile fare lunghe gite in barca, che \u00e8 uno dei punti di forza di questa localit\u00e0. Si trova a 600 metri dal centro.<\/p>\t\t\t\t\t\t\t\t<\/div>\n\t\t\t\t<div class=\"elementor-element elementor-element-651ba70 elementor-widget elementor-widget-google_maps\" data-id=\"651ba70\" data-element_type=\"widget\" data-e-type=\"widget\" data-widget_type=\"google_maps.default\">\n\t\t\t\t\t\t\t<div class=\"elementor-custom-embed\">\n\t\t\t<iframe loading=\"lazy\"\n\t\t\t\t\tsrc=\"https:\/\/maps.google.com\/maps?q=giethoorn%20village%2Cgiethoorn&#038;t=m&#038;z=16&#038;output=embed&#038;iwloc=near\"\n\t\t\t\t\ttitle=\"villaggio di giethoorn, giethoorn\"\n\t\t\t\t\taria-label=\"villaggio di giethoorn, giethoorn\"\n\t\t\t><\/iframe>\n\t\t<\/div>\n\t\t\t\t\t\t<\/div>\n\t\t\t\t<\/div>\n\t\t\t\t<\/div>\n\t\t\t\t<\/div>\n\t\t<div class=\"elementor-element elementor-element-c8fa816 e-flex e-con-boxed e-con e-parent\" data-id=\"c8fa816\" data-element_type=\"container\" data-e-type=\"container\" data-settings=\"{&quot;background_background&quot;:&quot;classic&quot;}\">\n\t\t\t\t\t<div class=\"e-con-inner\">\n\t\t\t\t<div class=\"elementor-element elementor-element-07cf6d7 elementor-widget elementor-widget-heading\" data-id=\"07cf6d7\" data-element_type=\"widget\" data-e-type=\"widget\" data-widget_type=\"heading.default\">\n\t\t\t\t\t<h2 class=\"elementor-heading-title elementor-size-default\">Zone di parcheggio a pagamento vicino al centro<\/h2>\t\t\t\t<\/div>\n\t\t<div class=\"elementor-element elementor-element-e813224 e-flex e-con-boxed e-con e-child\" data-id=\"e813224\" data-element_type=\"container\" data-e-type=\"container\">\n\t\t\t\t\t<div class=\"e-con-inner\">\n\t\t<div class=\"elementor-element elementor-element-44013f5 e-con-full e-flex e-con e-child\" data-id=\"44013f5\" data-element_type=\"container\" data-e-type=\"container\">\n\t\t<div class=\"elementor-element elementor-element-db0702e e-flex e-con-boxed e-con e-child\" data-id=\"db0702e\" data-element_type=\"container\" data-e-type=\"container\">\n\t\t\t\t\t<div class=\"e-con-inner\">\n\t\t\t\t<div class=\"elementor-element elementor-element-12355f1 elementor-widget elementor-widget-text-editor\" data-id=\"12355f1\" data-element_type=\"widget\" data-e-type=\"widget\" data-widget_type=\"text-editor.default\">\n\t\t\t\t\t\t\t\t\t<h3 class=\"elementor-heading-title elementor-size-default elementor-inline-editing pen\" contenteditable=\"true\" data-elementor-setting-key=\"title\" data-pen-placeholder=\"Hier typen...\">P1 Parcheggio Binnenpad 14<\/h3><p>Entrando a Giethoorn dal lato nord, troverete una delle aree di parcheggio pi\u00f9 grandi del villaggio. Situato accanto a un ristorante, offre circa 300 posti auto. Il costo \u00e8 di 4 euro al giorno. Si trova a 200 metri dal centro.<\/p>\t\t\t\t\t\t\t\t<\/div>\n\t\t\t\t\t<\/div>\n\t\t\t\t<\/div>\n\t\t\t\t<div class=\"elementor-element elementor-element-cb24ac0 elementor-widget elementor-widget-google_maps\" data-id=\"cb24ac0\" data-element_type=\"widget\" data-e-type=\"widget\" data-widget_type=\"google_maps.default\">\n\t\t\t\t\t\t\t<div class=\"elementor-custom-embed\">\n\t\t\t<iframe loading=\"lazy\"\n\t\t\t\t\tsrc=\"https:\/\/maps.google.com\/maps?q=binnenpad%2014%2C%20giethoorn&#038;t=m&#038;z=16&#038;output=embed&#038;iwloc=near\"\n\t\t\t\t\ttitle=\"binnenpad 14, giethoorn\"\n\t\t\t\t\taria-label=\"binnenpad 14, giethoorn\"\n\t\t\t><\/iframe>\n\t\t<\/div>\n\t\t\t\t\t\t<\/div>\n\t\t\t\t<\/div>\n\t\t<div class=\"elementor-element elementor-element-7f3b9b4 e-con-full e-flex e-con e-child\" data-id=\"7f3b9b4\" data-element_type=\"container\" data-e-type=\"container\">\n\t\t<div class=\"elementor-element elementor-element-6e0359b e-con-full e-flex e-con e-child\" data-id=\"6e0359b\" data-element_type=\"container\" data-e-type=\"container\">\n\t\t\t\t<div class=\"elementor-element elementor-element-469ecea elementor-widget elementor-widget-text-editor\" data-id=\"469ecea\" data-element_type=\"widget\" data-e-type=\"widget\" data-widget_type=\"text-editor.default\">\n\t\t\t\t\t\t\t\t\t<h3 class=\"elementor-heading-title elementor-size-default elementor-inline-editing pen\" contenteditable=\"true\" data-elementor-setting-key=\"title\" data-pen-placeholder=\"Hier typen...\">Centro P3<\/h3><p>Quest'area di parcheggio \u00e8 pi\u00f9 vicina al centro ed \u00e8 l'opzione migliore se arrivate dal lato sud di Giethoorn. Assicuratevi di controllare se il vostro noleggiatore di barche \u00e8 nelle vicinanze. <br \/>200 posti auto<br \/>Parcheggio a 4 euro al giorno<\/p>\t\t\t\t\t\t\t\t<\/div>\n\t\t\t\t<\/div>\n\t\t\t\t<div class=\"elementor-element elementor-element-fc503ba elementor-widget elementor-widget-google_maps\" data-id=\"fc503ba\" data-element_type=\"widget\" data-e-type=\"widget\" data-widget_type=\"google_maps.default\">\n\t\t\t\t\t\t\t<div class=\"elementor-custom-embed\">\n\t\t\t<iframe loading=\"lazy\"\n\t\t\t\t\tsrc=\"https:\/\/maps.google.com\/maps?q=p3%20centrum%2C%20giethoorn%20&#038;t=m&#038;z=16&#038;output=embed&#038;iwloc=near\"\n\t\t\t\t\ttitle=\"p3 centrum, giethoorn \"\n\t\t\t\t\taria-label=\"p3 centrum, giethoorn \"\n\t\t\t><\/iframe>\n\t\t<\/div>\n\t\t\t\t\t\t<\/div>\n\t\t\t\t<\/div>\n\t\t\t\t\t<\/div>\n\t\t\t\t<\/div>\n\t\t\t\t\t<\/div>\n\t\t\t\t<\/div>\n\t\t\t\t<\/div>","protected":false},"excerpt":{"rendered":"<p>Parking in Giethoorn Free parking spots in Giethoorn Looking for free parking in Giethoorn? While Giethoorn is a car-free village, there are several free parking areas just outside the center, making it easy for visitors to explore this beautiful Dutch destination. Top 3 free parking zones P1 Centrum \u200b In the center of town, this [&hellip;]<\/p>\n","protected":false},"author":2,"featured_media":1325,"parent":0,"menu_order":0,"comment_status":"closed","ping_status":"closed","template":"","meta":{"_acf_changed":false,"footnotes":""},"class_list":["post-1581","page","type-page","status-publish","has-post-thumbnail","hentry"],"acf":[],"yoast_head":"<!-- This site is optimized with the Yoast SEO plugin v27.5 - https:\/\/yoast.com\/product\/yoast-seo-wordpress\/ -->\n<title>Free parking places in Giethoorn - Giethoorn from Amsterdam<\/title>\n<meta name=\"description\" content=\"Find the best free parking spots in Giethoorn! Discover where to park for free, avoid high fees, and get tips for a stress-free visit.\" \/>\n<meta name=\"robots\" content=\"index, follow, max-snippet:-1, max-image-preview:large, max-video-preview:-1\" \/>\n<link rel=\"canonical\" href=\"https:\/\/giethoornfromamsterdam.com\/it\/parcheggi-gratuiti-giethoorn\/\" \/>\n<meta property=\"og:locale\" content=\"it_IT\" \/>\n<meta property=\"og:type\" content=\"article\" \/>\n<meta property=\"og:title\" content=\"Free parking places in Giethoorn - Giethoorn from Amsterdam\" \/>\n<meta property=\"og:description\" content=\"Find the best free parking spots in Giethoorn! Discover where to park for free, avoid high fees, and get tips for a stress-free visit.\" \/>\n<meta property=\"og:url\" content=\"https:\/\/giethoornfromamsterdam.com\/it\/parcheggi-gratuiti-giethoorn\/\" \/>\n<meta property=\"og:site_name\" content=\"Giethoorn from Amsterdam\" \/>\n<meta property=\"article:publisher\" content=\"https:\/\/www.facebook.com\/tuliptoursholland\/\" \/>\n<meta property=\"article:modified_time\" content=\"2025-04-04T12:06:29+00:00\" \/>\n<meta property=\"og:image\" content=\"https:\/\/giethoornfromamsterdam.com\/wp-content\/uploads\/2025\/01\/parking-giethoorn-1-1.jpeg\" \/>\n\t<meta property=\"og:image:width\" content=\"1200\" \/>\n\t<meta property=\"og:image:height\" content=\"1600\" \/>\n\t<meta property=\"og:image:type\" content=\"image\/jpeg\" \/>\n<meta name=\"twitter:card\" content=\"summary_large_image\" \/>\n<meta name=\"twitter:label1\" content=\"Tempo di lettura stimato\" \/>\n\t<meta name=\"twitter:data1\" content=\"2 minuti\" \/>\n<script type=\"application\/ld+json\" class=\"yoast-schema-graph\">{\"@context\":\"https:\\\/\\\/schema.org\",\"@graph\":[{\"@type\":\"WebPage\",\"@id\":\"https:\\\/\\\/giethoornfromamsterdam.com\\\/free-parking-places-giethoorn\\\/\",\"url\":\"https:\\\/\\\/giethoornfromamsterdam.com\\\/free-parking-places-giethoorn\\\/\",\"name\":\"Free parking places in Giethoorn - Giethoorn from Amsterdam\",\"isPartOf\":{\"@id\":\"https:\\\/\\\/giethoornfromamsterdam.com\\\/#website\"},\"primaryImageOfPage\":{\"@id\":\"https:\\\/\\\/giethoornfromamsterdam.com\\\/free-parking-places-giethoorn\\\/#primaryimage\"},\"image\":{\"@id\":\"https:\\\/\\\/giethoornfromamsterdam.com\\\/free-parking-places-giethoorn\\\/#primaryimage\"},\"thumbnailUrl\":\"https:\\\/\\\/giethoornfromamsterdam.com\\\/wp-content\\\/uploads\\\/2025\\\/01\\\/parking-giethoorn-1-1.jpeg\",\"datePublished\":\"2025-01-29T13:28:37+00:00\",\"dateModified\":\"2025-04-04T12:06:29+00:00\",\"description\":\"Find the best free parking spots in Giethoorn! Discover where to park for free, avoid high fees, and get tips for a stress-free visit.\",\"breadcrumb\":{\"@id\":\"https:\\\/\\\/giethoornfromamsterdam.com\\\/free-parking-places-giethoorn\\\/#breadcrumb\"},\"inLanguage\":\"it-IT\",\"potentialAction\":[{\"@type\":\"ReadAction\",\"target\":[\"https:\\\/\\\/giethoornfromamsterdam.com\\\/free-parking-places-giethoorn\\\/\"]}]},{\"@type\":\"ImageObject\",\"inLanguage\":\"it-IT\",\"@id\":\"https:\\\/\\\/giethoornfromamsterdam.com\\\/free-parking-places-giethoorn\\\/#primaryimage\",\"url\":\"https:\\\/\\\/giethoornfromamsterdam.com\\\/wp-content\\\/uploads\\\/2025\\\/01\\\/parking-giethoorn-1-1.jpeg\",\"contentUrl\":\"https:\\\/\\\/giethoornfromamsterdam.com\\\/wp-content\\\/uploads\\\/2025\\\/01\\\/parking-giethoorn-1-1.jpeg\",\"width\":1200,\"height\":1600,\"caption\":\"free parking places giethoorn\"},{\"@type\":\"BreadcrumbList\",\"@id\":\"https:\\\/\\\/giethoornfromamsterdam.com\\\/free-parking-places-giethoorn\\\/#breadcrumb\",\"itemListElement\":[{\"@type\":\"ListItem\",\"position\":1,\"name\":\"Home\",\"item\":\"https:\\\/\\\/giethoornfromamsterdam.com\\\/\"},{\"@type\":\"ListItem\",\"position\":2,\"name\":\"Free parking places in Giethoorn\"}]},{\"@type\":\"WebSite\",\"@id\":\"https:\\\/\\\/giethoornfromamsterdam.com\\\/#website\",\"url\":\"https:\\\/\\\/giethoornfromamsterdam.com\\\/\",\"name\":\"Giethoorn from Amsterdam\",\"description\":\"Visit Giethoorn from Amsterdam\",\"publisher\":{\"@id\":\"https:\\\/\\\/giethoornfromamsterdam.com\\\/#organization\"},\"alternateName\":\"Visit Giethoorn form Amsterdam\",\"potentialAction\":[{\"@type\":\"SearchAction\",\"target\":{\"@type\":\"EntryPoint\",\"urlTemplate\":\"https:\\\/\\\/giethoornfromamsterdam.com\\\/?s={search_term_string}\"},\"query-input\":{\"@type\":\"PropertyValueSpecification\",\"valueRequired\":true,\"valueName\":\"search_term_string\"}}],\"inLanguage\":\"it-IT\"},{\"@type\":\"Organization\",\"@id\":\"https:\\\/\\\/giethoornfromamsterdam.com\\\/#organization\",\"name\":\"Giethoorn from Amsterdam\",\"url\":\"https:\\\/\\\/giethoornfromamsterdam.com\\\/\",\"logo\":{\"@type\":\"ImageObject\",\"inLanguage\":\"it-IT\",\"@id\":\"https:\\\/\\\/giethoornfromamsterdam.com\\\/#\\\/schema\\\/logo\\\/image\\\/\",\"url\":\"https:\\\/\\\/giethoornfromamsterdam.com\\\/wp-content\\\/uploads\\\/2024\\\/12\\\/cropped-Giethoorn-from-Amsterdam-2-.png\",\"contentUrl\":\"https:\\\/\\\/giethoornfromamsterdam.com\\\/wp-content\\\/uploads\\\/2024\\\/12\\\/cropped-Giethoorn-from-Amsterdam-2-.png\",\"width\":567,\"height\":162,\"caption\":\"Giethoorn from Amsterdam\"},\"image\":{\"@id\":\"https:\\\/\\\/giethoornfromamsterdam.com\\\/#\\\/schema\\\/logo\\\/image\\\/\"},\"sameAs\":[\"https:\\\/\\\/www.facebook.com\\\/tuliptoursholland\\\/\"]}]}<\/script>\n<!-- \/ Yoast SEO plugin. -->","yoast_head_json":{"title":"Parcheggi gratuiti a Giethoorn - Giethoorn da Amsterdam","description":"Trovate i migliori parcheggi gratuiti a Giethoorn! Scoprite dove parcheggiare gratuitamente, evitate le tariffe elevate e ottenete consigli per una visita senza stress.","robots":{"index":"index","follow":"follow","max-snippet":"max-snippet:-1","max-image-preview":"max-image-preview:large","max-video-preview":"max-video-preview:-1"},"canonical":"https:\/\/giethoornfromamsterdam.com\/it\/parcheggi-gratuiti-giethoorn\/","og_locale":"it_IT","og_type":"article","og_title":"Free parking places in Giethoorn - Giethoorn from Amsterdam","og_description":"Find the best free parking spots in Giethoorn! Discover where to park for free, avoid high fees, and get tips for a stress-free visit.","og_url":"https:\/\/giethoornfromamsterdam.com\/it\/parcheggi-gratuiti-giethoorn\/","og_site_name":"Giethoorn from Amsterdam","article_publisher":"https:\/\/www.facebook.com\/tuliptoursholland\/","article_modified_time":"2025-04-04T12:06:29+00:00","og_image":[{"width":1200,"height":1600,"url":"https:\/\/giethoornfromamsterdam.com\/wp-content\/uploads\/2025\/01\/parking-giethoorn-1-1.jpeg","type":"image\/jpeg"}],"twitter_card":"summary_large_image","twitter_misc":{"Tempo di lettura stimato":"2 minuti"},"schema":{"@context":"https:\/\/schema.org","@graph":[{"@type":"WebPage","@id":"https:\/\/giethoornfromamsterdam.com\/free-parking-places-giethoorn\/","url":"https:\/\/giethoornfromamsterdam.com\/free-parking-places-giethoorn\/","name":"Parcheggi gratuiti a Giethoorn - Giethoorn da Amsterdam","isPartOf":{"@id":"https:\/\/giethoornfromamsterdam.com\/#website"},"primaryImageOfPage":{"@id":"https:\/\/giethoornfromamsterdam.com\/free-parking-places-giethoorn\/#primaryimage"},"image":{"@id":"https:\/\/giethoornfromamsterdam.com\/free-parking-places-giethoorn\/#primaryimage"},"thumbnailUrl":"https:\/\/giethoornfromamsterdam.com\/wp-content\/uploads\/2025\/01\/parking-giethoorn-1-1.jpeg","datePublished":"2025-01-29T13:28:37+00:00","dateModified":"2025-04-04T12:06:29+00:00","description":"Trovate i migliori parcheggi gratuiti a Giethoorn! Scoprite dove parcheggiare gratuitamente, evitate le tariffe elevate e ottenete consigli per una visita senza stress.","breadcrumb":{"@id":"https:\/\/giethoornfromamsterdam.com\/free-parking-places-giethoorn\/#breadcrumb"},"inLanguage":"it-IT","potentialAction":[{"@type":"ReadAction","target":["https:\/\/giethoornfromamsterdam.com\/free-parking-places-giethoorn\/"]}]},{"@type":"ImageObject","inLanguage":"it-IT","@id":"https:\/\/giethoornfromamsterdam.com\/free-parking-places-giethoorn\/#primaryimage","url":"https:\/\/giethoornfromamsterdam.com\/wp-content\/uploads\/2025\/01\/parking-giethoorn-1-1.jpeg","contentUrl":"https:\/\/giethoornfromamsterdam.com\/wp-content\/uploads\/2025\/01\/parking-giethoorn-1-1.jpeg","width":1200,"height":1600,"caption":"free parking places giethoorn"},{"@type":"BreadcrumbList","@id":"https:\/\/giethoornfromamsterdam.com\/free-parking-places-giethoorn\/#breadcrumb","itemListElement":[{"@type":"ListItem","position":1,"name":"Home","item":"https:\/\/giethoornfromamsterdam.com\/"},{"@type":"ListItem","position":2,"name":"Free parking places in Giethoorn"}]},{"@type":"WebSite","@id":"https:\/\/giethoornfromamsterdam.com\/#website","url":"https:\/\/giethoornfromamsterdam.com\/","name":"Giethoorn da Amsterdam","description":"Visitare Giethoorn da Amsterdam","publisher":{"@id":"https:\/\/giethoornfromamsterdam.com\/#organization"},"alternateName":"Visit Giethoorn form Amsterdam","potentialAction":[{"@type":"SearchAction","target":{"@type":"EntryPoint","urlTemplate":"https:\/\/giethoornfromamsterdam.com\/?s={search_term_string}"},"query-input":{"@type":"PropertyValueSpecification","valueRequired":true,"valueName":"search_term_string"}}],"inLanguage":"it-IT"},{"@type":"Organization","@id":"https:\/\/giethoornfromamsterdam.com\/#organization","name":"Giethoorn da Amsterdam","url":"https:\/\/giethoornfromamsterdam.com\/","logo":{"@type":"ImageObject","inLanguage":"it-IT","@id":"https:\/\/giethoornfromamsterdam.com\/#\/schema\/logo\/image\/","url":"https:\/\/giethoornfromamsterdam.com\/wp-content\/uploads\/2024\/12\/cropped-Giethoorn-from-Amsterdam-2-.png","contentUrl":"https:\/\/giethoornfromamsterdam.com\/wp-content\/uploads\/2024\/12\/cropped-Giethoorn-from-Amsterdam-2-.png","width":567,"height":162,"caption":"Giethoorn from Amsterdam"},"image":{"@id":"https:\/\/giethoornfromamsterdam.com\/#\/schema\/logo\/image\/"},"sameAs":["https:\/\/www.facebook.com\/tuliptoursholland\/"]}]}},"_links":{"self":[{"href":"https:\/\/giethoornfromamsterdam.com\/it\/wp-json\/wp\/v2\/pages\/1581","targetHints":{"allow":["GET"]}}],"collection":[{"href":"https:\/\/giethoornfromamsterdam.com\/it\/wp-json\/wp\/v2\/pages"}],"about":[{"href":"https:\/\/giethoornfromamsterdam.com\/it\/wp-json\/wp\/v2\/types\/page"}],"author":[{"embeddable":true,"href":"https:\/\/giethoornfromamsterdam.com\/it\/wp-json\/wp\/v2\/users\/2"}],"replies":[{"embeddable":true,"href":"https:\/\/giethoornfromamsterdam.com\/it\/wp-json\/wp\/v2\/comments?post=1581"}],"version-history":[{"count":13,"href":"https:\/\/giethoornfromamsterdam.com\/it\/wp-json\/wp\/v2\/pages\/1581\/revisions"}],"predecessor-version":[{"id":2686,"href":"https:\/\/giethoornfromamsterdam.com\/it\/wp-json\/wp\/v2\/pages\/1581\/revisions\/2686"}],"wp:featuredmedia":[{"embeddable":true,"href":"https:\/\/giethoornfromamsterdam.com\/it\/wp-json\/wp\/v2\/media\/1325"}],"wp:attachment":[{"href":"https:\/\/giethoornfromamsterdam.com\/it\/wp-json\/wp\/v2\/media?parent=1581"}],"curies":[{"name":"wp","href":"https:\/\/api.w.org\/{rel}","templated":true}]}}