{"id":2823,"date":"2025-04-16T14:44:45","date_gmt":"2025-04-16T14:44:45","guid":{"rendered":"https:\/\/giethoornfromamsterdam.com\/?page_id=2823"},"modified":"2025-04-17T11:48:46","modified_gmt":"2025-04-17T11:48:46","slug":"conditions-generales","status":"publish","type":"page","link":"https:\/\/giethoornfromamsterdam.com\/fr\/conditions-generales\/","title":{"rendered":"Conditions g\u00e9n\u00e9rales d'utilisation"},"content":{"rendered":"<h3 class=\"wp-block-heading\">Article 1 : D\u00e9finitions<\/h3>\n\n\n\n<p>Dans les pr\u00e9sents Termes et Conditions, les termes suivants ont les significations suivantes : 1.1 Tulip Tours Holland : l'entreprise qui offre des produits et\/ou des services aux clients par le biais de la boutique en ligne www.tuliptoursholland.com. 1.2 Client : la personne physique ou morale qui conclut un contrat avec Tulip Tours Holland. 1.3 Produits : tous les biens faisant l'objet d'un contrat d'achat entre le client et Tulip Tours Holland. 1.4 Services : toutes les activit\u00e9s, sous quelque forme que ce soit, que Tulip Tours Holland r\u00e9alise pour ou au nom du client.<\/p>\n\n\n\n<h3 class=\"wp-block-heading\">Article 2 : Applicabilit\u00e9<\/h3>\n\n\n\n<p>2.1 Ces conditions g\u00e9n\u00e9rales s'appliquent \u00e0 tous les devis, offres, activit\u00e9s, commandes, accords et livraisons de services ou de produits par ou au nom de Tulip Tours Holland.<\/p>\n\n\n\n<h3 class=\"wp-block-heading\">Article 3 : Formation de l'accord<\/h3>\n\n\n\n<p>3.1 Le contrat est conclu au moment o\u00f9 le client passe une commande aupr\u00e8s de Tulip Tours Holland par le biais de la boutique en ligne. 3.2 Apr\u00e8s la commande, le client re\u00e7oit une confirmation par e-mail avec les d\u00e9tails de l'achat et les pr\u00e9sentes conditions g\u00e9n\u00e9rales.<\/p>\n\n\n\n<h3 class=\"wp-block-heading\">Article 4 : Prix et paiement<\/h3>\n\n\n\n<p>4.1 Tous les prix utilis\u00e9s par Tulip Tours Holland sont en euros, incluent la TVA et excluent tous les autres co\u00fbts tels que les frais d'administration, les frais de livraison et les frais de voyage, sauf indication contraire explicite ou accord. 4.2 Le paiement doit \u00eatre effectu\u00e9 au moment de la commande sur le site Internet.<\/p>\n\n\n\n<h3 class=\"wp-block-heading\">Article 5 : Livraison et d\u00e9lai de livraison<\/h3>\n\n\n\n<p>5.1 Les commandes sont livr\u00e9es aussi rapidement que possible. En principe, Tulip Tours Holland s'efforce de livrer les commandes dans les 5 jours ouvrables. Toutefois, ce d\u00e9lai est indicatif et ne doit pas \u00eatre consid\u00e9r\u00e9 comme un d\u00e9lai strict. 5.2 Si un produit, pour quelque raison que ce soit, a un d\u00e9lai de livraison plus long ou ne peut pas \u00eatre livr\u00e9 (temporairement), le client en sera inform\u00e9 en temps utile. 5.3 Les livraisons ont lieu \u00e0 l'adresse indiqu\u00e9e par le client lors de la conclusion du contrat.<\/p>\n\n\n\n<h3 class=\"wp-block-heading\">Article 6 : Droit de retrait<\/h3>\n\n\n\n<p>6.1 Le client a le droit de r\u00e9silier le contrat dans un d\u00e9lai de 14 jours sans donner de raison. 6.2 Le d\u00e9lai de r\u00e9tractation expire 14 jours apr\u00e8s le jour o\u00f9 le client ou un tiers d\u00e9sign\u00e9 par le client, qui n'est pas le transporteur, acquiert physiquement le produit.<\/p>\n\n\n\n<h3 class=\"wp-block-heading\">Article 7 : R\u00e9serve de propri\u00e9t\u00e9<\/h3>\n\n\n\n<p>7.1 Tous les produits livr\u00e9s restent la propri\u00e9t\u00e9 de Tulip Tours Holland jusqu'\u00e0 ce que le client ait rempli toutes ses obligations de paiement concernant les produits ou services fournis par Tulip Tours Holland.<\/p>\n\n\n\n<h3 class=\"wp-block-heading\">Article 8 : Garantie et conformit\u00e9<\/h3>\n\n\n\n<p>8.1 Tulip Tours Holland garantit que les produits et\/ou services sont conformes au contrat, aux sp\u00e9cifications indiqu\u00e9es dans l'offre, aux exigences raisonnables de fiabilit\u00e9 et\/ou de facilit\u00e9 d'utilisation. 8.2 La garantie mentionn\u00e9e dans cet article s'applique pendant une p\u00e9riode de 24 mois apr\u00e8s la livraison.<\/p>\n\n\n\n<h3 class=\"wp-block-heading\">Article 9 : Proc\u00e9dure de r\u00e9clamation<\/h3>\n\n\n\n<p>9.1 Les r\u00e9clamations concernant la livraison doivent \u00eatre communiqu\u00e9es par \u00e9crit \u00e0 Tulip Tours Holland dans un d\u00e9lai raisonnable apr\u00e8s leur d\u00e9couverte, mais au plus tard 14 jours apr\u00e8s la livraison des produits concern\u00e9s. 9.2 Le client fournit une description aussi d\u00e9taill\u00e9e que possible du d\u00e9faut, afin que Tulip Tours Holland soit en mesure d'y r\u00e9pondre de mani\u00e8re ad\u00e9quate.<\/p>\n\n\n\n<h3 class=\"wp-block-heading\">Article 10 : Responsabilit\u00e9<\/h3>\n\n\n\n<p>10.1 La responsabilit\u00e9 de Tulip Tours Holland pour les dommages indirects, y compris les dommages cons\u00e9cutifs, le manque \u00e0 gagner, les \u00e9conomies manqu\u00e9es, les dommages dus \u00e0 la stagnation des affaires et les dommages r\u00e9sultant de r\u00e9clamations de tiers est exclue.<\/p>\n\n\n\n<p><\/p>","protected":false},"excerpt":{"rendered":"<p>Article 1: Definitions In these Terms and Conditions, the following terms have the following meanings: 1.1 Tulip Tours Holland: the business that offers products and\/or services to customers through the webshop www.tuliptoursholland.com. 1.2 Customer: the natural person or legal entity that enters into an agreement with Tulip Tours Holland. 1.3 Products: all goods that are [&hellip;]<\/p>\n","protected":false},"author":1,"featured_media":0,"parent":0,"menu_order":0,"comment_status":"closed","ping_status":"closed","template":"","meta":{"_acf_changed":false,"footnotes":""},"class_list":["post-2823","page","type-page","status-publish","hentry"],"acf":[],"yoast_head":"<!-- This site is optimized with the Yoast SEO plugin v27.4 - https:\/\/yoast.com\/product\/yoast-seo-wordpress\/ -->\n<title>Terms &amp; Conditions - Giethoorn from Amsterdam<\/title>\n<meta name=\"robots\" content=\"index, follow, max-snippet:-1, max-image-preview:large, max-video-preview:-1\" \/>\n<link rel=\"canonical\" href=\"https:\/\/giethoornfromamsterdam.com\/fr\/conditions-generales\/\" \/>\n<meta property=\"og:locale\" content=\"fr_FR\" \/>\n<meta property=\"og:type\" content=\"article\" \/>\n<meta property=\"og:title\" content=\"Terms &amp; Conditions - Giethoorn from Amsterdam\" \/>\n<meta property=\"og:description\" content=\"Article 1: Definitions In these Terms and Conditions, the following terms have the following meanings: 1.1 Tulip Tours Holland: the business that offers products and\/or services to customers through the webshop www.tuliptoursholland.com. 1.2 Customer: the natural person or legal entity that enters into an agreement with Tulip Tours Holland. 1.3 Products: all goods that are [&hellip;]\" \/>\n<meta property=\"og:url\" content=\"https:\/\/giethoornfromamsterdam.com\/fr\/conditions-generales\/\" \/>\n<meta property=\"og:site_name\" content=\"Giethoorn from Amsterdam\" \/>\n<meta property=\"article:publisher\" content=\"https:\/\/www.facebook.com\/tuliptoursholland\/\" \/>\n<meta property=\"article:modified_time\" content=\"2025-04-17T11:48:46+00:00\" \/>\n<meta property=\"og:image\" content=\"https:\/\/giethoornfromamsterdam.com\/wp-content\/uploads\/2024\/12\/logo-1.png\" \/>\n\t<meta property=\"og:image:width\" content=\"2616\" \/>\n\t<meta property=\"og:image:height\" content=\"1042\" \/>\n\t<meta property=\"og:image:type\" content=\"image\/png\" \/>\n<meta name=\"twitter:card\" content=\"summary_large_image\" \/>\n<meta name=\"twitter:label1\" content=\"Dur\u00e9e de lecture estim\u00e9e\" \/>\n\t<meta name=\"twitter:data1\" content=\"3 minutes\" \/>\n<script type=\"application\/ld+json\" class=\"yoast-schema-graph\">{\"@context\":\"https:\\\/\\\/schema.org\",\"@graph\":[{\"@type\":\"WebPage\",\"@id\":\"https:\\\/\\\/giethoornfromamsterdam.com\\\/terms-conditions\\\/\",\"url\":\"https:\\\/\\\/giethoornfromamsterdam.com\\\/terms-conditions\\\/\",\"name\":\"Terms &amp; Conditions - Giethoorn from Amsterdam\",\"isPartOf\":{\"@id\":\"https:\\\/\\\/giethoornfromamsterdam.com\\\/#website\"},\"datePublished\":\"2025-04-16T14:44:45+00:00\",\"dateModified\":\"2025-04-17T11:48:46+00:00\",\"breadcrumb\":{\"@id\":\"https:\\\/\\\/giethoornfromamsterdam.com\\\/terms-conditions\\\/#breadcrumb\"},\"inLanguage\":\"fr-FR\",\"potentialAction\":[{\"@type\":\"ReadAction\",\"target\":[\"https:\\\/\\\/giethoornfromamsterdam.com\\\/terms-conditions\\\/\"]}]},{\"@type\":\"BreadcrumbList\",\"@id\":\"https:\\\/\\\/giethoornfromamsterdam.com\\\/terms-conditions\\\/#breadcrumb\",\"itemListElement\":[{\"@type\":\"ListItem\",\"position\":1,\"name\":\"Home\",\"item\":\"https:\\\/\\\/giethoornfromamsterdam.com\\\/\"},{\"@type\":\"ListItem\",\"position\":2,\"name\":\"Terms &amp; Conditions\"}]},{\"@type\":\"WebSite\",\"@id\":\"https:\\\/\\\/giethoornfromamsterdam.com\\\/#website\",\"url\":\"https:\\\/\\\/giethoornfromamsterdam.com\\\/\",\"name\":\"Giethoorn from Amsterdam\",\"description\":\"Visit Giethoorn from Amsterdam\",\"publisher\":{\"@id\":\"https:\\\/\\\/giethoornfromamsterdam.com\\\/#organization\"},\"alternateName\":\"Visit Giethoorn form Amsterdam\",\"potentialAction\":[{\"@type\":\"SearchAction\",\"target\":{\"@type\":\"EntryPoint\",\"urlTemplate\":\"https:\\\/\\\/giethoornfromamsterdam.com\\\/?s={search_term_string}\"},\"query-input\":{\"@type\":\"PropertyValueSpecification\",\"valueRequired\":true,\"valueName\":\"search_term_string\"}}],\"inLanguage\":\"fr-FR\"},{\"@type\":\"Organization\",\"@id\":\"https:\\\/\\\/giethoornfromamsterdam.com\\\/#organization\",\"name\":\"Giethoorn from Amsterdam\",\"url\":\"https:\\\/\\\/giethoornfromamsterdam.com\\\/\",\"logo\":{\"@type\":\"ImageObject\",\"inLanguage\":\"fr-FR\",\"@id\":\"https:\\\/\\\/giethoornfromamsterdam.com\\\/#\\\/schema\\\/logo\\\/image\\\/\",\"url\":\"https:\\\/\\\/giethoornfromamsterdam.com\\\/wp-content\\\/uploads\\\/2024\\\/12\\\/cropped-Giethoorn-from-Amsterdam-2-.png\",\"contentUrl\":\"https:\\\/\\\/giethoornfromamsterdam.com\\\/wp-content\\\/uploads\\\/2024\\\/12\\\/cropped-Giethoorn-from-Amsterdam-2-.png\",\"width\":567,\"height\":162,\"caption\":\"Giethoorn from Amsterdam\"},\"image\":{\"@id\":\"https:\\\/\\\/giethoornfromamsterdam.com\\\/#\\\/schema\\\/logo\\\/image\\\/\"},\"sameAs\":[\"https:\\\/\\\/www.facebook.com\\\/tuliptoursholland\\\/\"]}]}<\/script>\n<!-- \/ Yoast SEO plugin. -->","yoast_head_json":{"title":"Conditions g\u00e9n\u00e9rales - Giethoorn au d\u00e9part d'Amsterdam","robots":{"index":"index","follow":"follow","max-snippet":"max-snippet:-1","max-image-preview":"max-image-preview:large","max-video-preview":"max-video-preview:-1"},"canonical":"https:\/\/giethoornfromamsterdam.com\/fr\/conditions-generales\/","og_locale":"fr_FR","og_type":"article","og_title":"Terms &amp; Conditions - Giethoorn from Amsterdam","og_description":"Article 1: Definitions In these Terms and Conditions, the following terms have the following meanings: 1.1 Tulip Tours Holland: the business that offers products and\/or services to customers through the webshop www.tuliptoursholland.com. 1.2 Customer: the natural person or legal entity that enters into an agreement with Tulip Tours Holland. 1.3 Products: all goods that are [&hellip;]","og_url":"https:\/\/giethoornfromamsterdam.com\/fr\/conditions-generales\/","og_site_name":"Giethoorn from Amsterdam","article_publisher":"https:\/\/www.facebook.com\/tuliptoursholland\/","article_modified_time":"2025-04-17T11:48:46+00:00","og_image":[{"width":2616,"height":1042,"url":"https:\/\/giethoornfromamsterdam.com\/wp-content\/uploads\/2024\/12\/logo-1.png","type":"image\/png"}],"twitter_card":"summary_large_image","twitter_misc":{"Dur\u00e9e de lecture estim\u00e9e":"3 minutes"},"schema":{"@context":"https:\/\/schema.org","@graph":[{"@type":"WebPage","@id":"https:\/\/giethoornfromamsterdam.com\/terms-conditions\/","url":"https:\/\/giethoornfromamsterdam.com\/terms-conditions\/","name":"Conditions g\u00e9n\u00e9rales - Giethoorn au d\u00e9part d'Amsterdam","isPartOf":{"@id":"https:\/\/giethoornfromamsterdam.com\/#website"},"datePublished":"2025-04-16T14:44:45+00:00","dateModified":"2025-04-17T11:48:46+00:00","breadcrumb":{"@id":"https:\/\/giethoornfromamsterdam.com\/terms-conditions\/#breadcrumb"},"inLanguage":"fr-FR","potentialAction":[{"@type":"ReadAction","target":["https:\/\/giethoornfromamsterdam.com\/terms-conditions\/"]}]},{"@type":"BreadcrumbList","@id":"https:\/\/giethoornfromamsterdam.com\/terms-conditions\/#breadcrumb","itemListElement":[{"@type":"ListItem","position":1,"name":"Home","item":"https:\/\/giethoornfromamsterdam.com\/"},{"@type":"ListItem","position":2,"name":"Terms &amp; Conditions"}]},{"@type":"WebSite","@id":"https:\/\/giethoornfromamsterdam.com\/#website","url":"https:\/\/giethoornfromamsterdam.com\/","name":"Giethoorn depuis Amsterdam","description":"Visiter Giethoorn depuis Amsterdam","publisher":{"@id":"https:\/\/giethoornfromamsterdam.com\/#organization"},"alternateName":"Visit Giethoorn form Amsterdam","potentialAction":[{"@type":"SearchAction","target":{"@type":"EntryPoint","urlTemplate":"https:\/\/giethoornfromamsterdam.com\/?s={search_term_string}"},"query-input":{"@type":"PropertyValueSpecification","valueRequired":true,"valueName":"search_term_string"}}],"inLanguage":"fr-FR"},{"@type":"Organization","@id":"https:\/\/giethoornfromamsterdam.com\/#organization","name":"Giethoorn depuis Amsterdam","url":"https:\/\/giethoornfromamsterdam.com\/","logo":{"@type":"ImageObject","inLanguage":"fr-FR","@id":"https:\/\/giethoornfromamsterdam.com\/#\/schema\/logo\/image\/","url":"https:\/\/giethoornfromamsterdam.com\/wp-content\/uploads\/2024\/12\/cropped-Giethoorn-from-Amsterdam-2-.png","contentUrl":"https:\/\/giethoornfromamsterdam.com\/wp-content\/uploads\/2024\/12\/cropped-Giethoorn-from-Amsterdam-2-.png","width":567,"height":162,"caption":"Giethoorn from Amsterdam"},"image":{"@id":"https:\/\/giethoornfromamsterdam.com\/#\/schema\/logo\/image\/"},"sameAs":["https:\/\/www.facebook.com\/tuliptoursholland\/"]}]}},"_links":{"self":[{"href":"https:\/\/giethoornfromamsterdam.com\/fr\/wp-json\/wp\/v2\/pages\/2823","targetHints":{"allow":["GET"]}}],"collection":[{"href":"https:\/\/giethoornfromamsterdam.com\/fr\/wp-json\/wp\/v2\/pages"}],"about":[{"href":"https:\/\/giethoornfromamsterdam.com\/fr\/wp-json\/wp\/v2\/types\/page"}],"author":[{"embeddable":true,"href":"https:\/\/giethoornfromamsterdam.com\/fr\/wp-json\/wp\/v2\/users\/1"}],"replies":[{"embeddable":true,"href":"https:\/\/giethoornfromamsterdam.com\/fr\/wp-json\/wp\/v2\/comments?post=2823"}],"version-history":[{"count":2,"href":"https:\/\/giethoornfromamsterdam.com\/fr\/wp-json\/wp\/v2\/pages\/2823\/revisions"}],"predecessor-version":[{"id":2825,"href":"https:\/\/giethoornfromamsterdam.com\/fr\/wp-json\/wp\/v2\/pages\/2823\/revisions\/2825"}],"wp:attachment":[{"href":"https:\/\/giethoornfromamsterdam.com\/fr\/wp-json\/wp\/v2\/media?parent=2823"}],"curies":[{"name":"wp","href":"https:\/\/api.w.org\/{rel}","templated":true}]}}