{"id":2823,"date":"2025-04-16T14:44:45","date_gmt":"2025-04-16T14:44:45","guid":{"rendered":"https:\/\/giethoornfromamsterdam.com\/?page_id=2823"},"modified":"2025-04-17T11:48:46","modified_gmt":"2025-04-17T11:48:46","slug":"condiciones","status":"publish","type":"page","link":"https:\/\/giethoornfromamsterdam.com\/es\/condiciones\/","title":{"rendered":"Condiciones generales"},"content":{"rendered":"<h3 class=\"wp-block-heading\">Art\u00edculo 1. Definiciones Definiciones<\/h3>\n\n\n\n<p>En los presentes T\u00e9rminos y Condiciones, los siguientes t\u00e9rminos tienen el significado que se indica a continuaci\u00f3n: 1.1 Tulip Tours Holland: el negocio que ofrece productos y\/o servicios a los clientes a trav\u00e9s de la tienda virtual www.tuliptoursholland.com. 1.2 Cliente: la persona f\u00edsica o jur\u00eddica que celebra un contrato con Tulip Tours Holland. 1.3 Productos: todos los bienes que son objeto de un acuerdo de compra entre el cliente y Tulip Tours Holland. 1.4 Servicios: todas las actividades, en cualquier forma, que Tulip Tours Holland realiza para o en nombre del cliente.<\/p>\n\n\n\n<h3 class=\"wp-block-heading\">Art\u00edculo 2: Aplicabilidad<\/h3>\n\n\n\n<p>2.1 Estos t\u00e9rminos y condiciones generales se aplican a todos los presupuestos, ofertas, actividades, pedidos, acuerdos y entregas de servicios o productos por o en nombre de Tulip Tours Holland.<\/p>\n\n\n\n<h3 class=\"wp-block-heading\">Art\u00edculo 3: Formaci\u00f3n del Acuerdo<\/h3>\n\n\n\n<p>3.1 El acuerdo se concluye en el momento en que el cliente realiza un pedido a Tulip Tours Holland a trav\u00e9s de la tienda online. 3.2 Despu\u00e9s de realizar el pedido, el cliente recibe una confirmaci\u00f3n por correo electr\u00f3nico con los detalles de la compra y las presentes condiciones generales.<\/p>\n\n\n\n<h3 class=\"wp-block-heading\">Art\u00edculo 4: Precios y pagos<\/h3>\n\n\n\n<p>4.1 Todos los precios utilizados por Tulip Tours Holland son en euros, incluyen el IVA y excluyen cualquier otro coste como los gastos de administraci\u00f3n, los gastos de entrega y los gastos de viaje, a menos que se indique expl\u00edcitamente lo contrario o se acuerde lo contrario. 4.2 El pago deber\u00e1 efectuarse al realizar el pedido en el sitio web.<\/p>\n\n\n\n<h3 class=\"wp-block-heading\">Art\u00edculo 5: Entrega y plazo de entrega<\/h3>\n\n\n\n<p>5.1 Los pedidos se entregan lo antes posible. En principio, Tulip Tours Holland pretende entregar los pedidos en un plazo de 5 d\u00edas laborables. Sin embargo, este plazo es indicativo y no debe considerarse como un plazo estricto. 5.2 Si un producto, por cualquier motivo, tiene un plazo de entrega m\u00e1s largo o no puede ser entregado (temporalmente), el cliente ser\u00e1 informado oportunamente. 5.3 Las entregas tienen lugar en la direcci\u00f3n especificada por el cliente durante la formaci\u00f3n del acuerdo.<\/p>\n\n\n\n<h3 class=\"wp-block-heading\">Art\u00edculo 6. Derecho de desistimiento Derecho de retractaci\u00f3n<\/h3>\n\n\n\n<p>6.1 El cliente tiene derecho a desistir del contrato en un plazo de 14 d\u00edas sin necesidad de justificaci\u00f3n. 6.2 El plazo de desistimiento expirar\u00e1 14 d\u00edas despu\u00e9s del d\u00eda en que el cliente o un tercero designado por el cliente, que no sea el transportista, adquiera f\u00edsicamente el producto.<\/p>\n\n\n\n<h3 class=\"wp-block-heading\">Art\u00edculo 7: Conservaci\u00f3n del t\u00edtulo<\/h3>\n\n\n\n<p>7.1 Todos los productos entregados seguir\u00e1n siendo propiedad de Tulip Tours Holland hasta que el cliente haya satisfecho \u00edntegramente todas sus obligaciones de pago relativas a los productos o servicios prestados por Tulip Tours Holland.<\/p>\n\n\n\n<h3 class=\"wp-block-heading\">Art\u00edculo 8: Garant\u00eda y conformidad<\/h3>\n\n\n\n<p>8.1 Tulip Tours Holland garantiza que los productos y\/o servicios cumplen con el acuerdo, las especificaciones indicadas en la oferta, los requisitos razonables de fiabilidad y\/o usabilidad. 8.2 La garant\u00eda mencionada en este art\u00edculo se aplica durante un per\u00edodo de 24 meses despu\u00e9s de la entrega.<\/p>\n\n\n\n<h3 class=\"wp-block-heading\">Art\u00edculo 9: Procedimiento de reclamaci\u00f3n<\/h3>\n\n\n\n<p>9.1 Las reclamaciones sobre la entrega deber\u00e1n comunicarse por escrito a Tulip Tours Holland dentro de un plazo competente tras su descubrimiento, pero no m\u00e1s tarde de 14 d\u00edas tras la entrega de los productos correspondientes. 9.2 El cliente proporcionar\u00e1 una descripci\u00f3n lo m\u00e1s detallada posible de la deficiencia, para que Tulip Tours Holland pueda responder adecuadamente.<\/p>\n\n\n\n<h3 class=\"wp-block-heading\">Art\u00edculo 10: Responsabilidad<\/h3>\n\n\n\n<p>10.1 Queda excluida la responsabilidad de Tulip Tours Holland por da\u00f1os indirectos, incluyendo da\u00f1os consecuenciales, lucro cesante, p\u00e9rdida de ahorros, da\u00f1os debidos al estancamiento del negocio y da\u00f1os como resultado de reclamaciones de terceros.<\/p>\n\n\n\n<p><\/p>","protected":false},"excerpt":{"rendered":"<p>Article 1: Definitions In these Terms and Conditions, the following terms have the following meanings: 1.1 Tulip Tours Holland: the business that offers products and\/or services to customers through the webshop www.tuliptoursholland.com. 1.2 Customer: the natural person or legal entity that enters into an agreement with Tulip Tours Holland. 1.3 Products: all goods that are [&hellip;]<\/p>\n","protected":false},"author":1,"featured_media":0,"parent":0,"menu_order":0,"comment_status":"closed","ping_status":"closed","template":"","meta":{"_acf_changed":false,"footnotes":""},"class_list":["post-2823","page","type-page","status-publish","hentry"],"acf":[],"yoast_head":"<!-- This site is optimized with the Yoast SEO plugin v27.3 - https:\/\/yoast.com\/product\/yoast-seo-wordpress\/ -->\n<title>Terms &amp; Conditions - Giethoorn from Amsterdam<\/title>\n<meta name=\"robots\" content=\"index, follow, max-snippet:-1, max-image-preview:large, max-video-preview:-1\" \/>\n<link rel=\"canonical\" href=\"https:\/\/giethoornfromamsterdam.com\/es\/condiciones\/\" \/>\n<meta property=\"og:locale\" content=\"es_ES\" \/>\n<meta property=\"og:type\" content=\"article\" \/>\n<meta property=\"og:title\" content=\"Terms &amp; Conditions - Giethoorn from Amsterdam\" \/>\n<meta property=\"og:description\" content=\"Article 1: Definitions In these Terms and Conditions, the following terms have the following meanings: 1.1 Tulip Tours Holland: the business that offers products and\/or services to customers through the webshop www.tuliptoursholland.com. 1.2 Customer: the natural person or legal entity that enters into an agreement with Tulip Tours Holland. 1.3 Products: all goods that are [&hellip;]\" \/>\n<meta property=\"og:url\" content=\"https:\/\/giethoornfromamsterdam.com\/es\/condiciones\/\" \/>\n<meta property=\"og:site_name\" content=\"Giethoorn from Amsterdam\" \/>\n<meta property=\"article:publisher\" content=\"https:\/\/www.facebook.com\/tuliptoursholland\/\" \/>\n<meta property=\"article:modified_time\" content=\"2025-04-17T11:48:46+00:00\" \/>\n<meta property=\"og:image\" content=\"https:\/\/giethoornfromamsterdam.com\/wp-content\/uploads\/2024\/12\/logo-1.png\" \/>\n\t<meta property=\"og:image:width\" content=\"2616\" \/>\n\t<meta property=\"og:image:height\" content=\"1042\" \/>\n\t<meta property=\"og:image:type\" content=\"image\/png\" \/>\n<meta name=\"twitter:card\" content=\"summary_large_image\" \/>\n<meta name=\"twitter:label1\" content=\"Tiempo de lectura\" \/>\n\t<meta name=\"twitter:data1\" content=\"3 minutos\" \/>\n<script type=\"application\/ld+json\" class=\"yoast-schema-graph\">{\"@context\":\"https:\\\/\\\/schema.org\",\"@graph\":[{\"@type\":\"WebPage\",\"@id\":\"https:\\\/\\\/giethoornfromamsterdam.com\\\/terms-conditions\\\/\",\"url\":\"https:\\\/\\\/giethoornfromamsterdam.com\\\/terms-conditions\\\/\",\"name\":\"Terms &amp; Conditions - Giethoorn from Amsterdam\",\"isPartOf\":{\"@id\":\"https:\\\/\\\/giethoornfromamsterdam.com\\\/#website\"},\"datePublished\":\"2025-04-16T14:44:45+00:00\",\"dateModified\":\"2025-04-17T11:48:46+00:00\",\"breadcrumb\":{\"@id\":\"https:\\\/\\\/giethoornfromamsterdam.com\\\/terms-conditions\\\/#breadcrumb\"},\"inLanguage\":\"es\",\"potentialAction\":[{\"@type\":\"ReadAction\",\"target\":[\"https:\\\/\\\/giethoornfromamsterdam.com\\\/terms-conditions\\\/\"]}]},{\"@type\":\"BreadcrumbList\",\"@id\":\"https:\\\/\\\/giethoornfromamsterdam.com\\\/terms-conditions\\\/#breadcrumb\",\"itemListElement\":[{\"@type\":\"ListItem\",\"position\":1,\"name\":\"Home\",\"item\":\"https:\\\/\\\/giethoornfromamsterdam.com\\\/\"},{\"@type\":\"ListItem\",\"position\":2,\"name\":\"Terms &amp; Conditions\"}]},{\"@type\":\"WebSite\",\"@id\":\"https:\\\/\\\/giethoornfromamsterdam.com\\\/#website\",\"url\":\"https:\\\/\\\/giethoornfromamsterdam.com\\\/\",\"name\":\"Giethoorn from Amsterdam\",\"description\":\"Visit Giethoorn from Amsterdam\",\"publisher\":{\"@id\":\"https:\\\/\\\/giethoornfromamsterdam.com\\\/#organization\"},\"alternateName\":\"Visit Giethoorn form Amsterdam\",\"potentialAction\":[{\"@type\":\"SearchAction\",\"target\":{\"@type\":\"EntryPoint\",\"urlTemplate\":\"https:\\\/\\\/giethoornfromamsterdam.com\\\/?s={search_term_string}\"},\"query-input\":{\"@type\":\"PropertyValueSpecification\",\"valueRequired\":true,\"valueName\":\"search_term_string\"}}],\"inLanguage\":\"es\"},{\"@type\":\"Organization\",\"@id\":\"https:\\\/\\\/giethoornfromamsterdam.com\\\/#organization\",\"name\":\"Giethoorn from Amsterdam\",\"url\":\"https:\\\/\\\/giethoornfromamsterdam.com\\\/\",\"logo\":{\"@type\":\"ImageObject\",\"inLanguage\":\"es\",\"@id\":\"https:\\\/\\\/giethoornfromamsterdam.com\\\/#\\\/schema\\\/logo\\\/image\\\/\",\"url\":\"https:\\\/\\\/giethoornfromamsterdam.com\\\/wp-content\\\/uploads\\\/2024\\\/12\\\/cropped-Giethoorn-from-Amsterdam-2-.png\",\"contentUrl\":\"https:\\\/\\\/giethoornfromamsterdam.com\\\/wp-content\\\/uploads\\\/2024\\\/12\\\/cropped-Giethoorn-from-Amsterdam-2-.png\",\"width\":567,\"height\":162,\"caption\":\"Giethoorn from Amsterdam\"},\"image\":{\"@id\":\"https:\\\/\\\/giethoornfromamsterdam.com\\\/#\\\/schema\\\/logo\\\/image\\\/\"},\"sameAs\":[\"https:\\\/\\\/www.facebook.com\\\/tuliptoursholland\\\/\"]}]}<\/script>\n<!-- \/ Yoast SEO plugin. -->","yoast_head_json":{"title":"T\u00e9rminos y condiciones - Giethoorn desde Amsterdam","robots":{"index":"index","follow":"follow","max-snippet":"max-snippet:-1","max-image-preview":"max-image-preview:large","max-video-preview":"max-video-preview:-1"},"canonical":"https:\/\/giethoornfromamsterdam.com\/es\/condiciones\/","og_locale":"es_ES","og_type":"article","og_title":"Terms &amp; Conditions - Giethoorn from Amsterdam","og_description":"Article 1: Definitions In these Terms and Conditions, the following terms have the following meanings: 1.1 Tulip Tours Holland: the business that offers products and\/or services to customers through the webshop www.tuliptoursholland.com. 1.2 Customer: the natural person or legal entity that enters into an agreement with Tulip Tours Holland. 1.3 Products: all goods that are [&hellip;]","og_url":"https:\/\/giethoornfromamsterdam.com\/es\/condiciones\/","og_site_name":"Giethoorn from Amsterdam","article_publisher":"https:\/\/www.facebook.com\/tuliptoursholland\/","article_modified_time":"2025-04-17T11:48:46+00:00","og_image":[{"width":2616,"height":1042,"url":"https:\/\/giethoornfromamsterdam.com\/wp-content\/uploads\/2024\/12\/logo-1.png","type":"image\/png"}],"twitter_card":"summary_large_image","twitter_misc":{"Tiempo de lectura":"3 minutos"},"schema":{"@context":"https:\/\/schema.org","@graph":[{"@type":"WebPage","@id":"https:\/\/giethoornfromamsterdam.com\/terms-conditions\/","url":"https:\/\/giethoornfromamsterdam.com\/terms-conditions\/","name":"T\u00e9rminos y condiciones - Giethoorn desde Amsterdam","isPartOf":{"@id":"https:\/\/giethoornfromamsterdam.com\/#website"},"datePublished":"2025-04-16T14:44:45+00:00","dateModified":"2025-04-17T11:48:46+00:00","breadcrumb":{"@id":"https:\/\/giethoornfromamsterdam.com\/terms-conditions\/#breadcrumb"},"inLanguage":"es","potentialAction":[{"@type":"ReadAction","target":["https:\/\/giethoornfromamsterdam.com\/terms-conditions\/"]}]},{"@type":"BreadcrumbList","@id":"https:\/\/giethoornfromamsterdam.com\/terms-conditions\/#breadcrumb","itemListElement":[{"@type":"ListItem","position":1,"name":"Home","item":"https:\/\/giethoornfromamsterdam.com\/"},{"@type":"ListItem","position":2,"name":"Terms &amp; Conditions"}]},{"@type":"WebSite","@id":"https:\/\/giethoornfromamsterdam.com\/#website","url":"https:\/\/giethoornfromamsterdam.com\/","name":"Giethoorn de Amsterdam","description":"Visita Giethoorn desde \u00c1msterdam","publisher":{"@id":"https:\/\/giethoornfromamsterdam.com\/#organization"},"alternateName":"Visit Giethoorn form Amsterdam","potentialAction":[{"@type":"SearchAction","target":{"@type":"EntryPoint","urlTemplate":"https:\/\/giethoornfromamsterdam.com\/?s={search_term_string}"},"query-input":{"@type":"PropertyValueSpecification","valueRequired":true,"valueName":"search_term_string"}}],"inLanguage":"es"},{"@type":"Organization","@id":"https:\/\/giethoornfromamsterdam.com\/#organization","name":"Giethoorn de Amsterdam","url":"https:\/\/giethoornfromamsterdam.com\/","logo":{"@type":"ImageObject","inLanguage":"es","@id":"https:\/\/giethoornfromamsterdam.com\/#\/schema\/logo\/image\/","url":"https:\/\/giethoornfromamsterdam.com\/wp-content\/uploads\/2024\/12\/cropped-Giethoorn-from-Amsterdam-2-.png","contentUrl":"https:\/\/giethoornfromamsterdam.com\/wp-content\/uploads\/2024\/12\/cropped-Giethoorn-from-Amsterdam-2-.png","width":567,"height":162,"caption":"Giethoorn from Amsterdam"},"image":{"@id":"https:\/\/giethoornfromamsterdam.com\/#\/schema\/logo\/image\/"},"sameAs":["https:\/\/www.facebook.com\/tuliptoursholland\/"]}]}},"_links":{"self":[{"href":"https:\/\/giethoornfromamsterdam.com\/es\/wp-json\/wp\/v2\/pages\/2823","targetHints":{"allow":["GET"]}}],"collection":[{"href":"https:\/\/giethoornfromamsterdam.com\/es\/wp-json\/wp\/v2\/pages"}],"about":[{"href":"https:\/\/giethoornfromamsterdam.com\/es\/wp-json\/wp\/v2\/types\/page"}],"author":[{"embeddable":true,"href":"https:\/\/giethoornfromamsterdam.com\/es\/wp-json\/wp\/v2\/users\/1"}],"replies":[{"embeddable":true,"href":"https:\/\/giethoornfromamsterdam.com\/es\/wp-json\/wp\/v2\/comments?post=2823"}],"version-history":[{"count":2,"href":"https:\/\/giethoornfromamsterdam.com\/es\/wp-json\/wp\/v2\/pages\/2823\/revisions"}],"predecessor-version":[{"id":2825,"href":"https:\/\/giethoornfromamsterdam.com\/es\/wp-json\/wp\/v2\/pages\/2823\/revisions\/2825"}],"wp:attachment":[{"href":"https:\/\/giethoornfromamsterdam.com\/es\/wp-json\/wp\/v2\/media?parent=2823"}],"curies":[{"name":"wp","href":"https:\/\/api.w.org\/{rel}","templated":true}]}}