{"id":1543,"date":"2025-01-29T11:05:04","date_gmt":"2025-01-29T11:05:04","guid":{"rendered":"https:\/\/giethoornfromamsterdam.com\/?page_id=1543"},"modified":"2025-04-29T14:16:29","modified_gmt":"2025-04-29T14:16:29","slug":"taxi-desde-amsterdam-giethoorn","status":"publish","type":"page","link":"https:\/\/giethoornfromamsterdam.com\/es\/taxi-desde-amsterdam-giethoorn\/","title":{"rendered":"Taxi de amsterdam a giethoorn"},"content":{"rendered":"<div data-elementor-type=\"wp-page\" data-elementor-id=\"1543\" class=\"elementor elementor-1543\" data-elementor-post-type=\"page\">\n\t\t\t\t<div class=\"elementor-element elementor-element-ca3a164 e-flex e-con-boxed e-con e-parent\" data-id=\"ca3a164\" data-element_type=\"container\" data-e-type=\"container\">\n\t\t\t\t\t<div class=\"e-con-inner\">\n\t\t\t\t<div class=\"elementor-element elementor-element-d4f16b1 elementor-widget elementor-widget-image\" data-id=\"d4f16b1\" data-element_type=\"widget\" data-e-type=\"widget\" data-widget_type=\"image.default\">\n\t\t\t\t\t\t\t\t\t\t\t\t\t\t\t<img fetchpriority=\"high\" decoding=\"async\" width=\"940\" height=\"611\" src=\"https:\/\/giethoornfromamsterdam.com\/wp-content\/uploads\/2025\/04\/business_taxi_1.jpg\" class=\"attachment-1536x1536 size-1536x1536 wp-image-2516\" alt=\"\" srcset=\"https:\/\/giethoornfromamsterdam.com\/wp-content\/uploads\/2025\/04\/business_taxi_1.jpg 940w, https:\/\/giethoornfromamsterdam.com\/wp-content\/uploads\/2025\/04\/business_taxi_1-300x195.jpg 300w, https:\/\/giethoornfromamsterdam.com\/wp-content\/uploads\/2025\/04\/business_taxi_1-768x499.jpg 768w, https:\/\/giethoornfromamsterdam.com\/wp-content\/uploads\/2025\/04\/business_taxi_1-18x12.jpg 18w\" sizes=\"(max-width: 940px) 100vw, 940px\" \/>\t\t\t\t\t\t\t\t\t\t\t\t\t\t\t<\/div>\n\t\t<div class=\"elementor-element elementor-element-626a18f e-con-full e-flex e-con e-child\" data-id=\"626a18f\" data-element_type=\"container\" data-e-type=\"container\">\n\t\t\t\t<div class=\"elementor-element elementor-element-19a9cf5 elementor-widget elementor-widget-heading\" data-id=\"19a9cf5\" data-element_type=\"widget\" data-e-type=\"widget\" data-widget_type=\"heading.default\">\n\t\t\t\t\t<h1 class=\"elementor-heading-title elementor-size-default\">Taxi de \u00c1msterdam a Giethoorn<\/h1>\t\t\t\t<\/div>\n\t\t\t\t<div class=\"elementor-element elementor-element-36af4e9 elementor-widget elementor-widget-text-editor\" data-id=\"36af4e9\" data-element_type=\"widget\" data-e-type=\"widget\" data-widget_type=\"text-editor.default\">\n\t\t\t\t\t\t\t\t\t<p>Coger un taxi desde el aeropuerto de Schiphol es la forma m\u00e1s r\u00e1pida y c\u00f3moda de llegar a Giethoorn. A su llegada a Schiphol, los taxis est\u00e1n f\u00e1cilmente disponibles en la entrada principal. En 1 hora y 25 minutos estar\u00e1 en el coraz\u00f3n de Giethoorn, listo para explorar. Sin embargo, tenga en cuenta que los taxis pueden ser caros, as\u00ed que planifique en consecuencia.<\/p><h3>Servicios de taxi mejor valorados en \u00c1msterdam y Schiphol<\/h3><p>Si prefiere reservar con antelaci\u00f3n, aqu\u00ed tiene las cuatro compa\u00f1\u00edas de taxis mejor valoradas de \u00c1msterdam:<\/p><p>\ud83d\ude96 Servicio de traslados Martins<br \/>\ud83d\ude96 Taxi Amsterdam Aeropuerto<br \/>\ud83d\ude96 Amsterdamse Taxi Service<br \/>\ud83d\ude96 Bienvenido<\/p><p>S\u00f3lo tienes que buscar estos nombres en Google, introducir tus datos y llamar directamente a la empresa.<\/p><h3>Otras opciones de taxi<\/h3><p>\ud83d\ude96 <strong>Uber<\/strong> - Disponible en \u00c1msterdam y Schiphol, ofrece una opci\u00f3n de reserva instant\u00e1nea y sin efectivo.<\/p><p>Parada de taxis del aeropuerto de Schiphol - Si no desea reservar con antelaci\u00f3n, siempre hay taxis disponibles en las zonas de recogida designadas.<\/p><p><strong>Consejo<\/strong>: Compruebe siempre la tarifa estimada antes de reservar, ya que los precios de los taxis pueden oscilar entre 180 y 250 euros por trayecto.<\/p>\t\t\t\t\t\t\t\t<\/div>\n\t\t\t\t<\/div>\n\t\t\t\t\t<\/div>\n\t\t\t\t<\/div>\n\t\t<div class=\"elementor-element elementor-element-0f4e482 e-flex e-con-boxed e-con e-parent\" data-id=\"0f4e482\" data-element_type=\"container\" data-e-type=\"container\" data-settings=\"{&quot;background_background&quot;:&quot;classic&quot;}\">\n\t\t\t\t\t<div class=\"e-con-inner\">\n\t\t<div class=\"elementor-element elementor-element-cba80be e-con-full e-flex e-con e-child\" data-id=\"cba80be\" data-element_type=\"container\" data-e-type=\"container\">\n\t\t\t\t<div class=\"elementor-element elementor-element-84ea928 elementor-widget elementor-widget-image\" data-id=\"84ea928\" data-element_type=\"widget\" data-e-type=\"widget\" data-widget_type=\"image.default\">\n\t\t\t\t\t\t\t\t\t\t\t\t\t\t\t<img decoding=\"async\" width=\"800\" height=\"600\" src=\"https:\/\/giethoornfromamsterdam.com\/wp-content\/uploads\/2025\/04\/touring-bus-1.webp\" class=\"attachment-large size-large wp-image-2397\" alt=\"\" srcset=\"https:\/\/giethoornfromamsterdam.com\/wp-content\/uploads\/2025\/04\/touring-bus-1.webp 800w, https:\/\/giethoornfromamsterdam.com\/wp-content\/uploads\/2025\/04\/touring-bus-1-300x225.webp 300w, https:\/\/giethoornfromamsterdam.com\/wp-content\/uploads\/2025\/04\/touring-bus-1-768x576.webp 768w, https:\/\/giethoornfromamsterdam.com\/wp-content\/uploads\/2025\/04\/touring-bus-1-16x12.webp 16w\" sizes=\"(max-width: 800px) 100vw, 800px\" \/>\t\t\t\t\t\t\t\t\t\t\t\t\t\t\t<\/div>\n\t\t\t\t<\/div>\n\t\t<div class=\"elementor-element elementor-element-c641d11 e-con-full e-flex e-con e-child\" data-id=\"c641d11\" data-element_type=\"container\" data-e-type=\"container\">\n\t\t\t\t<div class=\"elementor-element elementor-element-9478f9a elementor-widget elementor-widget-heading\" data-id=\"9478f9a\" data-element_type=\"widget\" data-e-type=\"widget\" data-widget_type=\"heading.default\">\n\t\t\t\t\t<h2 class=\"elementor-heading-title elementor-size-default\">O reserve un viaje de ida y vuelta de \u00c1msterdam a Giethoorn<\/h2>\t\t\t\t<\/div>\n\t\t\t\t<div class=\"elementor-element elementor-element-9ad28b9 elementor-widget elementor-widget-text-editor\" data-id=\"9ad28b9\" data-element_type=\"widget\" data-e-type=\"widget\" data-widget_type=\"text-editor.default\">\n\t\t\t\t\t\t\t\t\t<p>Si busca una forma m\u00e1s econ\u00f3mica de visitar Giethoorn, ofrecemos transporte de \u00c1msterdam a Giethoorn los d\u00edas que organizamos excursiones a Giethoorn. Es posible ir y volver con nosotros a Giethoorn. Puede planificar y pasar su tiempo en Giethoorn usted mismo.<\/p><p>Llegar a nuestro punto de recogida de excursiones en Giethoorn desde el aeropuerto de Schiphol es f\u00e1cil:<\/p><p><strong>Paso 1: Coger el tren a la estaci\u00f3n central de \u00c1msterdam<\/strong><\/p><ul><li>La forma m\u00e1s r\u00e1pida y barata de llegar a la ciudad.<\/li><li>Tarifa: 5 euros (s\u00f3lo ida).<\/li><li>Duraci\u00f3n: 15 minutos.<\/li><\/ul><p><strong>Paso 2: Caminar hacia la terminal de transbordadores<\/strong><\/p><ul><li>Una vez en la Estaci\u00f3n Central de \u00c1msterdam, dir\u00edjase al este en direcci\u00f3n al r\u00edo IJ.<\/li><li>Abre Google Maps para facilitar la navegaci\u00f3n.<\/li><\/ul><p><strong>Paso 3: Coger el ferry gratuito a Amsterdam Noord<\/strong><\/p><ul><li>El ferry Buiksloterweg sale cada 5 minutos.<\/li><li>El trayecto en ferry dura s\u00f3lo 2 minutos.<\/li><li><a href=\"https:\/\/giethoornfromamsterdam.com\/es\/su-punto-de-partida-en-amsterdam\/\">Lugar de recogida en Amsterdam<\/a> est\u00e1 a s\u00f3lo 2 minutos a pie.<\/li><\/ul>\t\t\t\t\t\t\t\t<\/div>\n\t\t<div class=\"elementor-element elementor-element-49b4268 e-con-full e-flex e-con e-child\" data-id=\"49b4268\" data-element_type=\"container\" data-e-type=\"container\">\n\t\t\t\t<div class=\"elementor-element elementor-element-d37eb60 elementor-widget elementor-widget-button\" data-id=\"d37eb60\" data-element_type=\"widget\" data-e-type=\"widget\" data-widget_type=\"button.default\">\n\t\t\t\t\t\t\t\t\t\t<a class=\"elementor-button elementor-button-link elementor-size-sm elementor-animation-grow\" href=\"https:\/\/giethoornfromamsterdam.com\/es\/giethoorn-traslado-desde-amsterdam\/\">\n\t\t\t\t\t\t<span class=\"elementor-button-content-wrapper\">\n\t\t\t\t\t\t<span class=\"elementor-button-icon\">\n\t\t\t\t<svg xmlns=\"http:\/\/www.w3.org\/2000\/svg\" width=\"30\" height=\"31\" viewbox=\"0 0 30 31\" fill=\"none\"><path d=\"M15.9375 14.4165C15.9375 13.8988 15.5178 13.479 15 13.479C14.4822 13.479 14.0625 13.8988 14.0625 14.4165V21.9165C14.0625 22.4343 14.4822 22.854 15 22.854C15.5178 22.854 15.9375 22.4343 15.9375 21.9165V14.4165Z\" fill=\"#FF6F00\"><\/path><path fill-rule=\"evenodd\" clip-rule=\"evenodd\" d=\"M15 2.229C7.57868 2.229 1.5625 8.24518 1.5625 15.6665C1.5625 23.0879 7.57868 29.104 15 29.104C22.4214 29.104 28.4375 23.0879 28.4375 15.6665C28.4375 8.24518 22.4214 2.229 15 2.229ZM3.4375 15.6665C3.4375 9.28072 8.61421 4.104 15 4.104C21.3858 4.104 26.5625 9.28072 26.5625 15.6665C26.5625 22.0523 21.3858 27.229 15 27.229C8.61421 27.229 3.4375 22.0523 3.4375 15.6665Z\" fill=\"#FF6F00\"><\/path><path d=\"M16.25 10.6665C16.25 11.3569 15.6904 11.9165 15 11.9165C14.3096 11.9165 13.75 11.3569 13.75 10.6665C13.75 9.97615 14.3096 9.4165 15 9.4165C15.6904 9.4165 16.25 9.97615 16.25 10.6665Z\" fill=\"#FF6F00\"><\/path><\/svg>\t\t\t<\/span>\n\t\t\t\t\t\t\t\t\t<span class=\"elementor-button-text\">M\u00e1s informaci\u00f3n sobre nuestro servicio de traslado a Giethoorn<\/span>\n\t\t\t\t\t<\/span>\n\t\t\t\t\t<\/a>\n\t\t\t\t\t\t\t\t<\/div>\n\t\t\t\t<\/div>\n\t\t\t\t<\/div>\n\t\t\t\t\t<\/div>\n\t\t\t\t<\/div>\n\t\t\t\t<\/div>","protected":false},"excerpt":{"rendered":"<p>Taxi from Amsterdam to Giethoorn Taking a taxi from Schiphol Airport is the fastest and most convenient way to reach Giethoorn. Upon arrival at Schiphol, taxis are readily available at the main entrance. Within 1 hour and 25 minutes, you\u2019ll be in the heart of Giethoorn, ready to explore. However, keep in mind that taxis [&hellip;]<\/p>\n","protected":false},"author":2,"featured_media":0,"parent":0,"menu_order":0,"comment_status":"closed","ping_status":"closed","template":"","meta":{"_acf_changed":false,"footnotes":""},"class_list":["post-1543","page","type-page","status-publish","hentry"],"acf":[],"yoast_head":"<!-- This site is optimized with the Yoast SEO plugin v27.6 - https:\/\/yoast.com\/product\/yoast-seo-wordpress\/ -->\n<title>Taxi from amsterdam to giethoorn - Giethoorn from Amsterdam<\/title>\n<meta name=\"description\" content=\"Need taxi ride from Amsterdam to Giethoorn? A taxi gets you there in just 1 hour 25 minutes. Discover the best taxi services and tips for a smooth journey!\" \/>\n<meta name=\"robots\" content=\"index, follow, max-snippet:-1, max-image-preview:large, max-video-preview:-1\" \/>\n<link rel=\"canonical\" href=\"https:\/\/giethoornfromamsterdam.com\/es\/taxi-desde-amsterdam-giethoorn\/\" \/>\n<meta property=\"og:locale\" content=\"es_ES\" \/>\n<meta property=\"og:type\" content=\"article\" \/>\n<meta property=\"og:title\" content=\"Taxi from amsterdam to giethoorn - Giethoorn from Amsterdam\" \/>\n<meta property=\"og:description\" content=\"Need taxi ride from Amsterdam to Giethoorn? A taxi gets you there in just 1 hour 25 minutes. Discover the best taxi services and tips for a smooth journey!\" \/>\n<meta property=\"og:url\" content=\"https:\/\/giethoornfromamsterdam.com\/es\/taxi-desde-amsterdam-giethoorn\/\" \/>\n<meta property=\"og:site_name\" content=\"Giethoorn from Amsterdam\" \/>\n<meta property=\"article:publisher\" content=\"https:\/\/www.facebook.com\/tuliptoursholland\/\" \/>\n<meta property=\"article:modified_time\" content=\"2025-04-29T14:16:29+00:00\" \/>\n<meta property=\"og:image\" content=\"https:\/\/giethoornfromamsterdam.com\/wp-content\/uploads\/2025\/04\/business_taxi_1.jpg\" \/>\n<meta name=\"twitter:card\" content=\"summary_large_image\" \/>\n<meta name=\"twitter:label1\" content=\"Tiempo de lectura\" \/>\n\t<meta name=\"twitter:data1\" content=\"2 minutos\" \/>\n<script type=\"application\/ld+json\" class=\"yoast-schema-graph\">{\"@context\":\"https:\\\/\\\/schema.org\",\"@graph\":[{\"@type\":\"WebPage\",\"@id\":\"https:\\\/\\\/giethoornfromamsterdam.com\\\/taxi-from-amsterdam-giethoorn\\\/\",\"url\":\"https:\\\/\\\/giethoornfromamsterdam.com\\\/taxi-from-amsterdam-giethoorn\\\/\",\"name\":\"Taxi from amsterdam to giethoorn - Giethoorn from Amsterdam\",\"isPartOf\":{\"@id\":\"https:\\\/\\\/giethoornfromamsterdam.com\\\/#website\"},\"primaryImageOfPage\":{\"@id\":\"https:\\\/\\\/giethoornfromamsterdam.com\\\/taxi-from-amsterdam-giethoorn\\\/#primaryimage\"},\"image\":{\"@id\":\"https:\\\/\\\/giethoornfromamsterdam.com\\\/taxi-from-amsterdam-giethoorn\\\/#primaryimage\"},\"thumbnailUrl\":\"https:\\\/\\\/giethoornfromamsterdam.com\\\/wp-content\\\/uploads\\\/2025\\\/04\\\/business_taxi_1.jpg\",\"datePublished\":\"2025-01-29T11:05:04+00:00\",\"dateModified\":\"2025-04-29T14:16:29+00:00\",\"description\":\"Need taxi ride from Amsterdam to Giethoorn? A taxi gets you there in just 1 hour 25 minutes. Discover the best taxi services and tips for a smooth journey!\",\"breadcrumb\":{\"@id\":\"https:\\\/\\\/giethoornfromamsterdam.com\\\/taxi-from-amsterdam-giethoorn\\\/#breadcrumb\"},\"inLanguage\":\"es\",\"potentialAction\":[{\"@type\":\"ReadAction\",\"target\":[\"https:\\\/\\\/giethoornfromamsterdam.com\\\/taxi-from-amsterdam-giethoorn\\\/\"]}]},{\"@type\":\"ImageObject\",\"inLanguage\":\"es\",\"@id\":\"https:\\\/\\\/giethoornfromamsterdam.com\\\/taxi-from-amsterdam-giethoorn\\\/#primaryimage\",\"url\":\"https:\\\/\\\/giethoornfromamsterdam.com\\\/wp-content\\\/uploads\\\/2025\\\/04\\\/business_taxi_1.jpg\",\"contentUrl\":\"https:\\\/\\\/giethoornfromamsterdam.com\\\/wp-content\\\/uploads\\\/2025\\\/04\\\/business_taxi_1.jpg\"},{\"@type\":\"BreadcrumbList\",\"@id\":\"https:\\\/\\\/giethoornfromamsterdam.com\\\/taxi-from-amsterdam-giethoorn\\\/#breadcrumb\",\"itemListElement\":[{\"@type\":\"ListItem\",\"position\":1,\"name\":\"Home\",\"item\":\"https:\\\/\\\/giethoornfromamsterdam.com\\\/\"},{\"@type\":\"ListItem\",\"position\":2,\"name\":\"Taxi from amsterdam to giethoorn\"}]},{\"@type\":\"WebSite\",\"@id\":\"https:\\\/\\\/giethoornfromamsterdam.com\\\/#website\",\"url\":\"https:\\\/\\\/giethoornfromamsterdam.com\\\/\",\"name\":\"Giethoorn from Amsterdam\",\"description\":\"Visit Giethoorn from Amsterdam\",\"publisher\":{\"@id\":\"https:\\\/\\\/giethoornfromamsterdam.com\\\/#organization\"},\"alternateName\":\"Visit Giethoorn form Amsterdam\",\"potentialAction\":[{\"@type\":\"SearchAction\",\"target\":{\"@type\":\"EntryPoint\",\"urlTemplate\":\"https:\\\/\\\/giethoornfromamsterdam.com\\\/?s={search_term_string}\"},\"query-input\":{\"@type\":\"PropertyValueSpecification\",\"valueRequired\":true,\"valueName\":\"search_term_string\"}}],\"inLanguage\":\"es\"},{\"@type\":\"Organization\",\"@id\":\"https:\\\/\\\/giethoornfromamsterdam.com\\\/#organization\",\"name\":\"Giethoorn from Amsterdam\",\"url\":\"https:\\\/\\\/giethoornfromamsterdam.com\\\/\",\"logo\":{\"@type\":\"ImageObject\",\"inLanguage\":\"es\",\"@id\":\"https:\\\/\\\/giethoornfromamsterdam.com\\\/#\\\/schema\\\/logo\\\/image\\\/\",\"url\":\"https:\\\/\\\/giethoornfromamsterdam.com\\\/wp-content\\\/uploads\\\/2024\\\/12\\\/cropped-Giethoorn-from-Amsterdam-2-.png\",\"contentUrl\":\"https:\\\/\\\/giethoornfromamsterdam.com\\\/wp-content\\\/uploads\\\/2024\\\/12\\\/cropped-Giethoorn-from-Amsterdam-2-.png\",\"width\":567,\"height\":162,\"caption\":\"Giethoorn from Amsterdam\"},\"image\":{\"@id\":\"https:\\\/\\\/giethoornfromamsterdam.com\\\/#\\\/schema\\\/logo\\\/image\\\/\"},\"sameAs\":[\"https:\\\/\\\/www.facebook.com\\\/tuliptoursholland\\\/\"]}]}<\/script>\n<!-- \/ Yoast SEO plugin. -->","yoast_head_json":{"title":"Taxi de amsterdam a giethoorn - Giethoorn desde Amsterdam","description":"\u00bfNecesita un taxi para ir de \u00c1msterdam a Giethoorn? Un taxi te lleva all\u00ed en s\u00f3lo 1 hora y 25 minutos. Descubra los mejores servicios de taxi y consejos para un viaje tranquilo.","robots":{"index":"index","follow":"follow","max-snippet":"max-snippet:-1","max-image-preview":"max-image-preview:large","max-video-preview":"max-video-preview:-1"},"canonical":"https:\/\/giethoornfromamsterdam.com\/es\/taxi-desde-amsterdam-giethoorn\/","og_locale":"es_ES","og_type":"article","og_title":"Taxi from amsterdam to giethoorn - Giethoorn from Amsterdam","og_description":"Need taxi ride from Amsterdam to Giethoorn? A taxi gets you there in just 1 hour 25 minutes. Discover the best taxi services and tips for a smooth journey!","og_url":"https:\/\/giethoornfromamsterdam.com\/es\/taxi-desde-amsterdam-giethoorn\/","og_site_name":"Giethoorn from Amsterdam","article_publisher":"https:\/\/www.facebook.com\/tuliptoursholland\/","article_modified_time":"2025-04-29T14:16:29+00:00","og_image":[{"url":"https:\/\/giethoornfromamsterdam.com\/wp-content\/uploads\/2025\/04\/business_taxi_1.jpg","type":"","width":"","height":""}],"twitter_card":"summary_large_image","twitter_misc":{"Tiempo de lectura":"2 minutos"},"schema":{"@context":"https:\/\/schema.org","@graph":[{"@type":"WebPage","@id":"https:\/\/giethoornfromamsterdam.com\/taxi-from-amsterdam-giethoorn\/","url":"https:\/\/giethoornfromamsterdam.com\/taxi-from-amsterdam-giethoorn\/","name":"Taxi de amsterdam a giethoorn - Giethoorn desde Amsterdam","isPartOf":{"@id":"https:\/\/giethoornfromamsterdam.com\/#website"},"primaryImageOfPage":{"@id":"https:\/\/giethoornfromamsterdam.com\/taxi-from-amsterdam-giethoorn\/#primaryimage"},"image":{"@id":"https:\/\/giethoornfromamsterdam.com\/taxi-from-amsterdam-giethoorn\/#primaryimage"},"thumbnailUrl":"https:\/\/giethoornfromamsterdam.com\/wp-content\/uploads\/2025\/04\/business_taxi_1.jpg","datePublished":"2025-01-29T11:05:04+00:00","dateModified":"2025-04-29T14:16:29+00:00","description":"\u00bfNecesita un taxi para ir de \u00c1msterdam a Giethoorn? Un taxi te lleva all\u00ed en s\u00f3lo 1 hora y 25 minutos. Descubra los mejores servicios de taxi y consejos para un viaje tranquilo.","breadcrumb":{"@id":"https:\/\/giethoornfromamsterdam.com\/taxi-from-amsterdam-giethoorn\/#breadcrumb"},"inLanguage":"es","potentialAction":[{"@type":"ReadAction","target":["https:\/\/giethoornfromamsterdam.com\/taxi-from-amsterdam-giethoorn\/"]}]},{"@type":"ImageObject","inLanguage":"es","@id":"https:\/\/giethoornfromamsterdam.com\/taxi-from-amsterdam-giethoorn\/#primaryimage","url":"https:\/\/giethoornfromamsterdam.com\/wp-content\/uploads\/2025\/04\/business_taxi_1.jpg","contentUrl":"https:\/\/giethoornfromamsterdam.com\/wp-content\/uploads\/2025\/04\/business_taxi_1.jpg"},{"@type":"BreadcrumbList","@id":"https:\/\/giethoornfromamsterdam.com\/taxi-from-amsterdam-giethoorn\/#breadcrumb","itemListElement":[{"@type":"ListItem","position":1,"name":"Home","item":"https:\/\/giethoornfromamsterdam.com\/"},{"@type":"ListItem","position":2,"name":"Taxi from amsterdam to giethoorn"}]},{"@type":"WebSite","@id":"https:\/\/giethoornfromamsterdam.com\/#website","url":"https:\/\/giethoornfromamsterdam.com\/","name":"Giethoorn de Amsterdam","description":"Visita Giethoorn desde \u00c1msterdam","publisher":{"@id":"https:\/\/giethoornfromamsterdam.com\/#organization"},"alternateName":"Visit Giethoorn form Amsterdam","potentialAction":[{"@type":"SearchAction","target":{"@type":"EntryPoint","urlTemplate":"https:\/\/giethoornfromamsterdam.com\/?s={search_term_string}"},"query-input":{"@type":"PropertyValueSpecification","valueRequired":true,"valueName":"search_term_string"}}],"inLanguage":"es"},{"@type":"Organization","@id":"https:\/\/giethoornfromamsterdam.com\/#organization","name":"Giethoorn de Amsterdam","url":"https:\/\/giethoornfromamsterdam.com\/","logo":{"@type":"ImageObject","inLanguage":"es","@id":"https:\/\/giethoornfromamsterdam.com\/#\/schema\/logo\/image\/","url":"https:\/\/giethoornfromamsterdam.com\/wp-content\/uploads\/2024\/12\/cropped-Giethoorn-from-Amsterdam-2-.png","contentUrl":"https:\/\/giethoornfromamsterdam.com\/wp-content\/uploads\/2024\/12\/cropped-Giethoorn-from-Amsterdam-2-.png","width":567,"height":162,"caption":"Giethoorn from Amsterdam"},"image":{"@id":"https:\/\/giethoornfromamsterdam.com\/#\/schema\/logo\/image\/"},"sameAs":["https:\/\/www.facebook.com\/tuliptoursholland\/"]}]}},"_links":{"self":[{"href":"https:\/\/giethoornfromamsterdam.com\/es\/wp-json\/wp\/v2\/pages\/1543","targetHints":{"allow":["GET"]}}],"collection":[{"href":"https:\/\/giethoornfromamsterdam.com\/es\/wp-json\/wp\/v2\/pages"}],"about":[{"href":"https:\/\/giethoornfromamsterdam.com\/es\/wp-json\/wp\/v2\/types\/page"}],"author":[{"embeddable":true,"href":"https:\/\/giethoornfromamsterdam.com\/es\/wp-json\/wp\/v2\/users\/2"}],"replies":[{"embeddable":true,"href":"https:\/\/giethoornfromamsterdam.com\/es\/wp-json\/wp\/v2\/comments?post=1543"}],"version-history":[{"count":25,"href":"https:\/\/giethoornfromamsterdam.com\/es\/wp-json\/wp\/v2\/pages\/1543\/revisions"}],"predecessor-version":[{"id":3027,"href":"https:\/\/giethoornfromamsterdam.com\/es\/wp-json\/wp\/v2\/pages\/1543\/revisions\/3027"}],"wp:attachment":[{"href":"https:\/\/giethoornfromamsterdam.com\/es\/wp-json\/wp\/v2\/media?parent=1543"}],"curies":[{"name":"wp","href":"https:\/\/api.w.org\/{rel}","templated":true}]}}