{"id":2823,"date":"2025-04-16T14:44:45","date_gmt":"2025-04-16T14:44:45","guid":{"rendered":"https:\/\/giethoornfromamsterdam.com\/?page_id=2823"},"modified":"2025-04-17T11:48:46","modified_gmt":"2025-04-17T11:48:46","slug":"bedingungen","status":"publish","type":"page","link":"https:\/\/giethoornfromamsterdam.com\/de\/bedingungen\/","title":{"rendered":"Bedingungen und Konditionen"},"content":{"rendered":"<h3 class=\"wp-block-heading\">Artikel 1: Begriffsbestimmungen<\/h3>\n\n\n\n<p>In diesen Allgemeinen Gesch\u00e4ftsbedingungen haben die folgenden Begriffe die folgende Bedeutung: 1.1 Tulip Tours Holland: das Unternehmen, das dem Kunden \u00fcber den Webshop www.tuliptoursholland.com Produkte und\/oder Dienstleistungen anbietet. 1.2 Kunde: die nat\u00fcrliche oder juristische Person, die einen Vertrag mit Tulip Tours Holland abschlie\u00dft. 1.3 Produkte: alle Waren, die Gegenstand eines Kaufvertrags zwischen dem Kunden und Tulip Tours Holland sind. 1.4 Dienstleistungen: alle Aktivit\u00e4ten, in welcher Form auch immer, die Tulip Tours Holland f\u00fcr den Kunden oder im Namen des Kunden ausf\u00fchrt.<\/p>\n\n\n\n<h3 class=\"wp-block-heading\">Artikel 2: Anwendbarkeit<\/h3>\n\n\n\n<p>2.1 Diese allgemeinen Gesch\u00e4ftsbedingungen gelten f\u00fcr alle Angebote, Aktivit\u00e4ten, Bestellungen, Vertr\u00e4ge und Lieferungen von Dienstleistungen oder Produkten durch oder im Namen von Tulip Tours Holland.<\/p>\n\n\n\n<h3 class=\"wp-block-heading\">Artikel 3: Zustandekommen des Abkommens<\/h3>\n\n\n\n<p>3.1 Der Vertrag kommt in dem Moment zustande, in dem der Kunde \u00fcber den Webshop eine Bestellung bei Tulip Tours Holland aufgibt. 3.2 Nach der Bestellung erh\u00e4lt der Kunde eine Best\u00e4tigung per E-Mail mit den Einzelheiten des Kaufs und diesen allgemeinen Gesch\u00e4ftsbedingungen.<\/p>\n\n\n\n<h3 class=\"wp-block-heading\">Artikel 4: Preise und Zahlung<\/h3>\n\n\n\n<p>4.1 Alle von Tulip Tours Holland verwendeten Preise sind in Euro, enthalten die Mehrwertsteuer und schlie\u00dfen alle anderen Kosten wie Verwaltungskosten, Lieferkosten und Reisekosten aus, es sei denn, dass ausdr\u00fccklich etwas anderes angegeben oder vereinbart wurde. 4.2 Die Zahlung muss bei der Bestellung auf der Website erfolgen.<\/p>\n\n\n\n<h3 class=\"wp-block-heading\">Artikel 5: Lieferung und Lieferfrist<\/h3>\n\n\n\n<p>5.1 Die Bestellungen werden so schnell wie m\u00f6glich geliefert. Grunds\u00e4tzlich ist Tulip Tours Holland bestrebt, Bestellungen innerhalb von 5 Werktagen zu liefern. Diese Frist ist jedoch ein Richtwert und nicht als strenge Frist zu betrachten. 5.2 Wenn ein Produkt aus irgendeinem Grund eine l\u00e4ngere Lieferzeit hat oder (vor\u00fcbergehend) nicht geliefert werden kann, wird der Kunde rechtzeitig dar\u00fcber informiert. 5.3 Die Lieferung erfolgt an die vom Kunden bei Vertragsabschluss angegebene Adresse.<\/p>\n\n\n\n<h3 class=\"wp-block-heading\">Artikel 6: R\u00fccktrittsrecht<\/h3>\n\n\n\n<p>6.1 Der Kunde hat das Recht, den Vertrag innerhalb einer Frist von 14 Tagen ohne Angabe von Gr\u00fcnden zu widerrufen. 6.2 Die Widerrufsfrist endet 14 Tage nach dem Tag, an dem der Kunde oder ein vom Kunden benannter Dritter, der nicht der Bef\u00f6rderer ist, das Produkt physisch erworben hat.<\/p>\n\n\n\n<h3 class=\"wp-block-heading\">Artikel 7: Eigentumsvorbehalt<\/h3>\n\n\n\n<p>7.1 Alle gelieferten Produkte bleiben das Eigentum von Tulip Tours Holland, bis der Kunde alle seine Zahlungsverpflichtungen in Bezug auf die von Tulip Tours Holland gelieferten Produkte oder Dienstleistungen vollst\u00e4ndig erf\u00fcllt hat.<\/p>\n\n\n\n<h3 class=\"wp-block-heading\">Artikel 8: Garantie und Konformit\u00e4t<\/h3>\n\n\n\n<p>8.1 Tulip Tours Holland gew\u00e4hrleistet, dass die Produkte und\/oder Dienstleistungen dem Vertrag, den im Angebot genannten Spezifikationen und den angemessenen Anforderungen an Zuverl\u00e4ssigkeit und\/oder Nutzbarkeit entsprechen. 8.2 Die in diesem Artikel genannte Garantie gilt f\u00fcr einen Zeitraum von 24 Monaten nach der Lieferung.<\/p>\n\n\n\n<h3 class=\"wp-block-heading\">Artikel 9: Beschwerdeverfahren<\/h3>\n\n\n\n<p>9.1 Beschwerden \u00fcber die Lieferung m\u00fcssen Tulip Tours Holland innerhalb einer angemessenen Frist nach Feststellung, sp\u00e4testens jedoch 14 Tage nach der Lieferung der betreffenden Produkte, schriftlich mitgeteilt werden. 9.2 Der Kunde muss den Mangel so genau wie m\u00f6glich beschreiben, damit Tulip Tours Holland in der Lage ist, ad\u00e4quat zu reagieren.<\/p>\n\n\n\n<h3 class=\"wp-block-heading\">Artikel 10: Haftung<\/h3>\n\n\n\n<p>10.1 Die Haftung von Tulip Tours Holland f\u00fcr indirekten Schaden, einschlie\u00dflich Folgeschaden, entgangenem Gewinn, entgangenen Einsparungen, Schaden durch Betriebsstagnation und Schaden infolge von Anspr\u00fcchen Dritter ist ausgeschlossen.<\/p>\n\n\n\n<p><\/p>","protected":false},"excerpt":{"rendered":"<p>Article 1: Definitions In these Terms and Conditions, the following terms have the following meanings: 1.1 Tulip Tours Holland: the business that offers products and\/or services to customers through the webshop www.tuliptoursholland.com. 1.2 Customer: the natural person or legal entity that enters into an agreement with Tulip Tours Holland. 1.3 Products: all goods that are [&hellip;]<\/p>\n","protected":false},"author":1,"featured_media":0,"parent":0,"menu_order":0,"comment_status":"closed","ping_status":"closed","template":"","meta":{"_acf_changed":false,"footnotes":""},"class_list":["post-2823","page","type-page","status-publish","hentry"],"acf":[],"yoast_head":"<!-- This site is optimized with the Yoast SEO plugin v27.5 - https:\/\/yoast.com\/product\/yoast-seo-wordpress\/ -->\n<title>Terms &amp; Conditions - Giethoorn from Amsterdam<\/title>\n<meta name=\"robots\" content=\"index, follow, max-snippet:-1, max-image-preview:large, max-video-preview:-1\" \/>\n<link rel=\"canonical\" href=\"https:\/\/giethoornfromamsterdam.com\/de\/bedingungen\/\" \/>\n<meta property=\"og:locale\" content=\"de_DE\" \/>\n<meta property=\"og:type\" content=\"article\" \/>\n<meta property=\"og:title\" content=\"Terms &amp; Conditions - Giethoorn from Amsterdam\" \/>\n<meta property=\"og:description\" content=\"Article 1: Definitions In these Terms and Conditions, the following terms have the following meanings: 1.1 Tulip Tours Holland: the business that offers products and\/or services to customers through the webshop www.tuliptoursholland.com. 1.2 Customer: the natural person or legal entity that enters into an agreement with Tulip Tours Holland. 1.3 Products: all goods that are [&hellip;]\" \/>\n<meta property=\"og:url\" content=\"https:\/\/giethoornfromamsterdam.com\/de\/bedingungen\/\" \/>\n<meta property=\"og:site_name\" content=\"Giethoorn from Amsterdam\" \/>\n<meta property=\"article:publisher\" content=\"https:\/\/www.facebook.com\/tuliptoursholland\/\" \/>\n<meta property=\"article:modified_time\" content=\"2025-04-17T11:48:46+00:00\" \/>\n<meta property=\"og:image\" content=\"https:\/\/giethoornfromamsterdam.com\/wp-content\/uploads\/2024\/12\/logo-1.png\" \/>\n\t<meta property=\"og:image:width\" content=\"2616\" \/>\n\t<meta property=\"og:image:height\" content=\"1042\" \/>\n\t<meta property=\"og:image:type\" content=\"image\/png\" \/>\n<meta name=\"twitter:card\" content=\"summary_large_image\" \/>\n<meta name=\"twitter:label1\" content=\"Gesch\u00e4tzte Lesezeit\" \/>\n\t<meta name=\"twitter:data1\" content=\"3\u00a0Minuten\" \/>\n<script type=\"application\/ld+json\" class=\"yoast-schema-graph\">{\"@context\":\"https:\\\/\\\/schema.org\",\"@graph\":[{\"@type\":\"WebPage\",\"@id\":\"https:\\\/\\\/giethoornfromamsterdam.com\\\/terms-conditions\\\/\",\"url\":\"https:\\\/\\\/giethoornfromamsterdam.com\\\/terms-conditions\\\/\",\"name\":\"Terms &amp; Conditions - Giethoorn from Amsterdam\",\"isPartOf\":{\"@id\":\"https:\\\/\\\/giethoornfromamsterdam.com\\\/#website\"},\"datePublished\":\"2025-04-16T14:44:45+00:00\",\"dateModified\":\"2025-04-17T11:48:46+00:00\",\"breadcrumb\":{\"@id\":\"https:\\\/\\\/giethoornfromamsterdam.com\\\/terms-conditions\\\/#breadcrumb\"},\"inLanguage\":\"de\",\"potentialAction\":[{\"@type\":\"ReadAction\",\"target\":[\"https:\\\/\\\/giethoornfromamsterdam.com\\\/terms-conditions\\\/\"]}]},{\"@type\":\"BreadcrumbList\",\"@id\":\"https:\\\/\\\/giethoornfromamsterdam.com\\\/terms-conditions\\\/#breadcrumb\",\"itemListElement\":[{\"@type\":\"ListItem\",\"position\":1,\"name\":\"Home\",\"item\":\"https:\\\/\\\/giethoornfromamsterdam.com\\\/\"},{\"@type\":\"ListItem\",\"position\":2,\"name\":\"Terms &amp; Conditions\"}]},{\"@type\":\"WebSite\",\"@id\":\"https:\\\/\\\/giethoornfromamsterdam.com\\\/#website\",\"url\":\"https:\\\/\\\/giethoornfromamsterdam.com\\\/\",\"name\":\"Giethoorn from Amsterdam\",\"description\":\"Visit Giethoorn from Amsterdam\",\"publisher\":{\"@id\":\"https:\\\/\\\/giethoornfromamsterdam.com\\\/#organization\"},\"alternateName\":\"Visit Giethoorn form Amsterdam\",\"potentialAction\":[{\"@type\":\"SearchAction\",\"target\":{\"@type\":\"EntryPoint\",\"urlTemplate\":\"https:\\\/\\\/giethoornfromamsterdam.com\\\/?s={search_term_string}\"},\"query-input\":{\"@type\":\"PropertyValueSpecification\",\"valueRequired\":true,\"valueName\":\"search_term_string\"}}],\"inLanguage\":\"de\"},{\"@type\":\"Organization\",\"@id\":\"https:\\\/\\\/giethoornfromamsterdam.com\\\/#organization\",\"name\":\"Giethoorn from Amsterdam\",\"url\":\"https:\\\/\\\/giethoornfromamsterdam.com\\\/\",\"logo\":{\"@type\":\"ImageObject\",\"inLanguage\":\"de\",\"@id\":\"https:\\\/\\\/giethoornfromamsterdam.com\\\/#\\\/schema\\\/logo\\\/image\\\/\",\"url\":\"https:\\\/\\\/giethoornfromamsterdam.com\\\/wp-content\\\/uploads\\\/2024\\\/12\\\/cropped-Giethoorn-from-Amsterdam-2-.png\",\"contentUrl\":\"https:\\\/\\\/giethoornfromamsterdam.com\\\/wp-content\\\/uploads\\\/2024\\\/12\\\/cropped-Giethoorn-from-Amsterdam-2-.png\",\"width\":567,\"height\":162,\"caption\":\"Giethoorn from Amsterdam\"},\"image\":{\"@id\":\"https:\\\/\\\/giethoornfromamsterdam.com\\\/#\\\/schema\\\/logo\\\/image\\\/\"},\"sameAs\":[\"https:\\\/\\\/www.facebook.com\\\/tuliptoursholland\\\/\"]}]}<\/script>\n<!-- \/ Yoast SEO plugin. -->","yoast_head_json":{"title":"Allgemeine Gesch\u00e4ftsbedingungen - Giethoorn aus Amsterdam","robots":{"index":"index","follow":"follow","max-snippet":"max-snippet:-1","max-image-preview":"max-image-preview:large","max-video-preview":"max-video-preview:-1"},"canonical":"https:\/\/giethoornfromamsterdam.com\/de\/bedingungen\/","og_locale":"de_DE","og_type":"article","og_title":"Terms &amp; Conditions - Giethoorn from Amsterdam","og_description":"Article 1: Definitions In these Terms and Conditions, the following terms have the following meanings: 1.1 Tulip Tours Holland: the business that offers products and\/or services to customers through the webshop www.tuliptoursholland.com. 1.2 Customer: the natural person or legal entity that enters into an agreement with Tulip Tours Holland. 1.3 Products: all goods that are [&hellip;]","og_url":"https:\/\/giethoornfromamsterdam.com\/de\/bedingungen\/","og_site_name":"Giethoorn from Amsterdam","article_publisher":"https:\/\/www.facebook.com\/tuliptoursholland\/","article_modified_time":"2025-04-17T11:48:46+00:00","og_image":[{"width":2616,"height":1042,"url":"https:\/\/giethoornfromamsterdam.com\/wp-content\/uploads\/2024\/12\/logo-1.png","type":"image\/png"}],"twitter_card":"summary_large_image","twitter_misc":{"Gesch\u00e4tzte Lesezeit":"3\u00a0Minuten"},"schema":{"@context":"https:\/\/schema.org","@graph":[{"@type":"WebPage","@id":"https:\/\/giethoornfromamsterdam.com\/terms-conditions\/","url":"https:\/\/giethoornfromamsterdam.com\/terms-conditions\/","name":"Allgemeine Gesch\u00e4ftsbedingungen - Giethoorn aus Amsterdam","isPartOf":{"@id":"https:\/\/giethoornfromamsterdam.com\/#website"},"datePublished":"2025-04-16T14:44:45+00:00","dateModified":"2025-04-17T11:48:46+00:00","breadcrumb":{"@id":"https:\/\/giethoornfromamsterdam.com\/terms-conditions\/#breadcrumb"},"inLanguage":"de","potentialAction":[{"@type":"ReadAction","target":["https:\/\/giethoornfromamsterdam.com\/terms-conditions\/"]}]},{"@type":"BreadcrumbList","@id":"https:\/\/giethoornfromamsterdam.com\/terms-conditions\/#breadcrumb","itemListElement":[{"@type":"ListItem","position":1,"name":"Home","item":"https:\/\/giethoornfromamsterdam.com\/"},{"@type":"ListItem","position":2,"name":"Terms &amp; Conditions"}]},{"@type":"WebSite","@id":"https:\/\/giethoornfromamsterdam.com\/#website","url":"https:\/\/giethoornfromamsterdam.com\/","name":"Giethoorn aus Amsterdam","description":"Besuchen Sie Giethoorn von Amsterdam aus","publisher":{"@id":"https:\/\/giethoornfromamsterdam.com\/#organization"},"alternateName":"Visit Giethoorn form Amsterdam","potentialAction":[{"@type":"SearchAction","target":{"@type":"EntryPoint","urlTemplate":"https:\/\/giethoornfromamsterdam.com\/?s={search_term_string}"},"query-input":{"@type":"PropertyValueSpecification","valueRequired":true,"valueName":"search_term_string"}}],"inLanguage":"de"},{"@type":"Organization","@id":"https:\/\/giethoornfromamsterdam.com\/#organization","name":"Giethoorn aus Amsterdam","url":"https:\/\/giethoornfromamsterdam.com\/","logo":{"@type":"ImageObject","inLanguage":"de","@id":"https:\/\/giethoornfromamsterdam.com\/#\/schema\/logo\/image\/","url":"https:\/\/giethoornfromamsterdam.com\/wp-content\/uploads\/2024\/12\/cropped-Giethoorn-from-Amsterdam-2-.png","contentUrl":"https:\/\/giethoornfromamsterdam.com\/wp-content\/uploads\/2024\/12\/cropped-Giethoorn-from-Amsterdam-2-.png","width":567,"height":162,"caption":"Giethoorn from Amsterdam"},"image":{"@id":"https:\/\/giethoornfromamsterdam.com\/#\/schema\/logo\/image\/"},"sameAs":["https:\/\/www.facebook.com\/tuliptoursholland\/"]}]}},"_links":{"self":[{"href":"https:\/\/giethoornfromamsterdam.com\/de\/wp-json\/wp\/v2\/pages\/2823","targetHints":{"allow":["GET"]}}],"collection":[{"href":"https:\/\/giethoornfromamsterdam.com\/de\/wp-json\/wp\/v2\/pages"}],"about":[{"href":"https:\/\/giethoornfromamsterdam.com\/de\/wp-json\/wp\/v2\/types\/page"}],"author":[{"embeddable":true,"href":"https:\/\/giethoornfromamsterdam.com\/de\/wp-json\/wp\/v2\/users\/1"}],"replies":[{"embeddable":true,"href":"https:\/\/giethoornfromamsterdam.com\/de\/wp-json\/wp\/v2\/comments?post=2823"}],"version-history":[{"count":2,"href":"https:\/\/giethoornfromamsterdam.com\/de\/wp-json\/wp\/v2\/pages\/2823\/revisions"}],"predecessor-version":[{"id":2825,"href":"https:\/\/giethoornfromamsterdam.com\/de\/wp-json\/wp\/v2\/pages\/2823\/revisions\/2825"}],"wp:attachment":[{"href":"https:\/\/giethoornfromamsterdam.com\/de\/wp-json\/wp\/v2\/media?parent=2823"}],"curies":[{"name":"wp","href":"https:\/\/api.w.org\/{rel}","templated":true}]}}