{"id":1543,"date":"2025-01-29T11:05:04","date_gmt":"2025-01-29T11:05:04","guid":{"rendered":"https:\/\/giethoornfromamsterdam.com\/?page_id=1543"},"modified":"2025-04-29T14:16:29","modified_gmt":"2025-04-29T14:16:29","slug":"taxi-von-amsterdam-giethoorn","status":"publish","type":"page","link":"https:\/\/giethoornfromamsterdam.com\/de\/taxi-von-amsterdam-giethoorn\/","title":{"rendered":"Taxi von amsterdam nach giethoorn"},"content":{"rendered":"<div data-elementor-type=\"wp-page\" data-elementor-id=\"1543\" class=\"elementor elementor-1543\" data-elementor-post-type=\"page\">\n\t\t\t\t<div class=\"elementor-element elementor-element-ca3a164 e-flex e-con-boxed e-con e-parent\" data-id=\"ca3a164\" data-element_type=\"container\" data-e-type=\"container\">\n\t\t\t\t\t<div class=\"e-con-inner\">\n\t\t\t\t<div class=\"elementor-element elementor-element-d4f16b1 elementor-widget elementor-widget-image\" data-id=\"d4f16b1\" data-element_type=\"widget\" data-e-type=\"widget\" data-widget_type=\"image.default\">\n\t\t\t\t\t\t\t\t\t\t\t\t\t\t\t<img fetchpriority=\"high\" decoding=\"async\" width=\"940\" height=\"611\" src=\"https:\/\/giethoornfromamsterdam.com\/wp-content\/uploads\/2025\/04\/business_taxi_1.jpg\" class=\"attachment-1536x1536 size-1536x1536 wp-image-2516\" alt=\"\" srcset=\"https:\/\/giethoornfromamsterdam.com\/wp-content\/uploads\/2025\/04\/business_taxi_1.jpg 940w, https:\/\/giethoornfromamsterdam.com\/wp-content\/uploads\/2025\/04\/business_taxi_1-300x195.jpg 300w, https:\/\/giethoornfromamsterdam.com\/wp-content\/uploads\/2025\/04\/business_taxi_1-768x499.jpg 768w, https:\/\/giethoornfromamsterdam.com\/wp-content\/uploads\/2025\/04\/business_taxi_1-18x12.jpg 18w\" sizes=\"(max-width: 940px) 100vw, 940px\" \/>\t\t\t\t\t\t\t\t\t\t\t\t\t\t\t<\/div>\n\t\t<div class=\"elementor-element elementor-element-626a18f e-con-full e-flex e-con e-child\" data-id=\"626a18f\" data-element_type=\"container\" data-e-type=\"container\">\n\t\t\t\t<div class=\"elementor-element elementor-element-19a9cf5 elementor-widget elementor-widget-heading\" data-id=\"19a9cf5\" data-element_type=\"widget\" data-e-type=\"widget\" data-widget_type=\"heading.default\">\n\t\t\t\t\t<h1 class=\"elementor-heading-title elementor-size-default\">Taxi von Amsterdam nach Giethoorn<\/h1>\t\t\t\t<\/div>\n\t\t\t\t<div class=\"elementor-element elementor-element-36af4e9 elementor-widget elementor-widget-text-editor\" data-id=\"36af4e9\" data-element_type=\"widget\" data-e-type=\"widget\" data-widget_type=\"text-editor.default\">\n\t\t\t\t\t\t\t\t\t<p>Ein Taxi vom Flughafen Schiphol ist die schnellste und bequemste Art, Giethoorn zu erreichen. Bei der Ankunft in Schiphol stehen die Taxis am Haupteingang bereit. Innerhalb von 1 Stunde und 25 Minuten sind Sie im Herzen von Giethoorn und k\u00f6nnen es erkunden. Denken Sie jedoch daran, dass Taxis teuer sein k\u00f6nnen, planen Sie also entsprechend.<\/p><h3>Bestbewertete Taxidienste in Amsterdam &amp; Schiphol<\/h3><p>Wenn Sie lieber im Voraus buchen m\u00f6chten, finden Sie hier vier erstklassige Taxiunternehmen in Amsterdam:<\/p><p>\ud83d\ude96 Martins Transferdienst<br \/>\ud83d\ude96 Taxi Amsterdam Flughafen<br \/>\ud83d\ude96 Amsterdamse Taxi Service<br \/>\ud83d\ude96 Willkommen<\/p><p>Suchen Sie diese Namen einfach bei Google, geben Sie Ihre Daten ein und rufen Sie das Unternehmen direkt an.<\/p><h3>Andere Taxi-Optionen<\/h3><p>\ud83d\ude96 <strong>Uber<\/strong> - Erh\u00e4ltlich in Amsterdam und Schiphol und bietet eine sofortige und bargeldlose Buchungsoption.<\/p><p>Taxistand am Flughafen Schiphol - Wenn Sie nicht im Voraus buchen m\u00f6chten, stehen Ihnen an den ausgewiesenen Abholstellen immer Taxis zur Verf\u00fcgung.<\/p><p><strong>Tipp<\/strong>: \u00dcberpr\u00fcfen Sie vor der Buchung immer den gesch\u00e4tzten Fahrpreis, da die Preise f\u00fcr eine einfache Fahrt zwischen 180 und 250 \u20ac liegen k\u00f6nnen.<\/p>\t\t\t\t\t\t\t\t<\/div>\n\t\t\t\t<\/div>\n\t\t\t\t\t<\/div>\n\t\t\t\t<\/div>\n\t\t<div class=\"elementor-element elementor-element-0f4e482 e-flex e-con-boxed e-con e-parent\" data-id=\"0f4e482\" data-element_type=\"container\" data-e-type=\"container\" data-settings=\"{&quot;background_background&quot;:&quot;classic&quot;}\">\n\t\t\t\t\t<div class=\"e-con-inner\">\n\t\t<div class=\"elementor-element elementor-element-cba80be e-con-full e-flex e-con e-child\" data-id=\"cba80be\" data-element_type=\"container\" data-e-type=\"container\">\n\t\t\t\t<div class=\"elementor-element elementor-element-84ea928 elementor-widget elementor-widget-image\" data-id=\"84ea928\" data-element_type=\"widget\" data-e-type=\"widget\" data-widget_type=\"image.default\">\n\t\t\t\t\t\t\t\t\t\t\t\t\t\t\t<img decoding=\"async\" width=\"800\" height=\"600\" src=\"https:\/\/giethoornfromamsterdam.com\/wp-content\/uploads\/2025\/04\/touring-bus-1.webp\" class=\"attachment-large size-large wp-image-2397\" alt=\"\" srcset=\"https:\/\/giethoornfromamsterdam.com\/wp-content\/uploads\/2025\/04\/touring-bus-1.webp 800w, https:\/\/giethoornfromamsterdam.com\/wp-content\/uploads\/2025\/04\/touring-bus-1-300x225.webp 300w, https:\/\/giethoornfromamsterdam.com\/wp-content\/uploads\/2025\/04\/touring-bus-1-768x576.webp 768w, https:\/\/giethoornfromamsterdam.com\/wp-content\/uploads\/2025\/04\/touring-bus-1-16x12.webp 16w\" sizes=\"(max-width: 800px) 100vw, 800px\" \/>\t\t\t\t\t\t\t\t\t\t\t\t\t\t\t<\/div>\n\t\t\t\t<\/div>\n\t\t<div class=\"elementor-element elementor-element-c641d11 e-con-full e-flex e-con e-child\" data-id=\"c641d11\" data-element_type=\"container\" data-e-type=\"container\">\n\t\t\t\t<div class=\"elementor-element elementor-element-9478f9a elementor-widget elementor-widget-heading\" data-id=\"9478f9a\" data-element_type=\"widget\" data-e-type=\"widget\" data-widget_type=\"heading.default\">\n\t\t\t\t\t<h2 class=\"elementor-heading-title elementor-size-default\">Oder buchen Sie einen Hin- und R\u00fcckflug von Amsterdam nach Giethoorn<\/h2>\t\t\t\t<\/div>\n\t\t\t\t<div class=\"elementor-element elementor-element-9ad28b9 elementor-widget elementor-widget-text-editor\" data-id=\"9ad28b9\" data-element_type=\"widget\" data-e-type=\"widget\" data-widget_type=\"text-editor.default\">\n\t\t\t\t\t\t\t\t\t<p>Wenn Sie auf der Suche nach einer g\u00fcnstigeren M\u00f6glichkeit sind, Giethoorn zu besuchen, bieten wir an den Tagen, an denen wir Touren nach Giethoorn organisieren, einen Transport von Amsterdam nach Giethoorn an. Es ist m\u00f6glich, mit uns nach Giethoorn und zur\u00fcck zu fahren. Sie k\u00f6nnen Ihre Zeit in Giethoorn selbst planen und verbringen.<\/p><p>Die Anreise vom Flughafen Schiphol zu unserem Abholort in Giethoorn ist einfach:<\/p><p><strong>Schritt 1: Nehmen Sie den Zug zum Hauptbahnhof Amsterdam<\/strong><\/p><ul><li>Die schnellste und billigste Art, die Stadt zu erreichen.<\/li><li>Fahrpreis: 5 \u20ac (einfache Fahrt).<\/li><li>Dauer: 15 Minuten.<\/li><\/ul><p><strong>Schritt 2: Gehen Sie in Richtung des F\u00e4hrterminals<\/strong><\/p><ul><li>Am Amsterdamer Hauptbahnhof angekommen, gehen Sie in Richtung Osten zum Fluss IJ.<\/li><li>\u00d6ffnen Sie Google Maps f\u00fcr eine einfache Navigation.<\/li><\/ul><p><strong>Schritt 3: Nehmen Sie die kostenlose F\u00e4hre nach Amsterdam Noord<\/strong><\/p><ul><li>Die F\u00e4hre Buiksloterweg f\u00e4hrt alle 5 Minuten.<\/li><li>Die Fahrt mit der F\u00e4hre dauert nur 2 Minuten.<\/li><li><a href=\"https:\/\/giethoornfromamsterdam.com\/de\/ihr-abfahrtsort-in-amsterdam\/\">Abholort in Amsterdam<\/a> ist nur 2 Gehminuten entfernt.<\/li><\/ul>\t\t\t\t\t\t\t\t<\/div>\n\t\t<div class=\"elementor-element elementor-element-49b4268 e-con-full e-flex e-con e-child\" data-id=\"49b4268\" data-element_type=\"container\" data-e-type=\"container\">\n\t\t\t\t<div class=\"elementor-element elementor-element-d37eb60 elementor-widget elementor-widget-button\" data-id=\"d37eb60\" data-element_type=\"widget\" data-e-type=\"widget\" data-widget_type=\"button.default\">\n\t\t\t\t\t\t\t\t\t\t<a class=\"elementor-button elementor-button-link elementor-size-sm elementor-animation-grow\" href=\"https:\/\/giethoornfromamsterdam.com\/de\/giethoorn-transfer-von-amsterdam\/\">\n\t\t\t\t\t\t<span class=\"elementor-button-content-wrapper\">\n\t\t\t\t\t\t<span class=\"elementor-button-icon\">\n\t\t\t\t<svg xmlns=\"http:\/\/www.w3.org\/2000\/svg\" width=\"30\" height=\"31\" viewbox=\"0 0 30 31\" fill=\"none\"><path d=\"M15.9375 14.4165C15.9375 13.8988 15.5178 13.479 15 13.479C14.4822 13.479 14.0625 13.8988 14.0625 14.4165V21.9165C14.0625 22.4343 14.4822 22.854 15 22.854C15.5178 22.854 15.9375 22.4343 15.9375 21.9165V14.4165Z\" fill=\"#FF6F00\"><\/path><path fill-rule=\"evenodd\" clip-rule=\"evenodd\" d=\"M15 2.229C7.57868 2.229 1.5625 8.24518 1.5625 15.6665C1.5625 23.0879 7.57868 29.104 15 29.104C22.4214 29.104 28.4375 23.0879 28.4375 15.6665C28.4375 8.24518 22.4214 2.229 15 2.229ZM3.4375 15.6665C3.4375 9.28072 8.61421 4.104 15 4.104C21.3858 4.104 26.5625 9.28072 26.5625 15.6665C26.5625 22.0523 21.3858 27.229 15 27.229C8.61421 27.229 3.4375 22.0523 3.4375 15.6665Z\" fill=\"#FF6F00\"><\/path><path d=\"M16.25 10.6665C16.25 11.3569 15.6904 11.9165 15 11.9165C14.3096 11.9165 13.75 11.3569 13.75 10.6665C13.75 9.97615 14.3096 9.4165 15 9.4165C15.6904 9.4165 16.25 9.97615 16.25 10.6665Z\" fill=\"#FF6F00\"><\/path><\/svg>\t\t\t<\/span>\n\t\t\t\t\t\t\t\t\t<span class=\"elementor-button-text\">Lesen Sie mehr \u00fcber unseren Transfer nach Giethoorn<\/span>\n\t\t\t\t\t<\/span>\n\t\t\t\t\t<\/a>\n\t\t\t\t\t\t\t\t<\/div>\n\t\t\t\t<\/div>\n\t\t\t\t<\/div>\n\t\t\t\t\t<\/div>\n\t\t\t\t<\/div>\n\t\t\t\t<\/div>","protected":false},"excerpt":{"rendered":"<p>Taxi from Amsterdam to Giethoorn Taking a taxi from Schiphol Airport is the fastest and most convenient way to reach Giethoorn. Upon arrival at Schiphol, taxis are readily available at the main entrance. Within 1 hour and 25 minutes, you\u2019ll be in the heart of Giethoorn, ready to explore. However, keep in mind that taxis [&hellip;]<\/p>\n","protected":false},"author":2,"featured_media":0,"parent":0,"menu_order":0,"comment_status":"closed","ping_status":"closed","template":"","meta":{"_acf_changed":false,"footnotes":""},"class_list":["post-1543","page","type-page","status-publish","hentry"],"acf":[],"yoast_head":"<!-- This site is optimized with the Yoast SEO plugin v27.5 - https:\/\/yoast.com\/product\/yoast-seo-wordpress\/ -->\n<title>Taxi from amsterdam to giethoorn - Giethoorn from Amsterdam<\/title>\n<meta name=\"description\" content=\"Need taxi ride from Amsterdam to Giethoorn? A taxi gets you there in just 1 hour 25 minutes. Discover the best taxi services and tips for a smooth journey!\" \/>\n<meta name=\"robots\" content=\"index, follow, max-snippet:-1, max-image-preview:large, max-video-preview:-1\" \/>\n<link rel=\"canonical\" href=\"https:\/\/giethoornfromamsterdam.com\/de\/taxi-von-amsterdam-giethoorn\/\" \/>\n<meta property=\"og:locale\" content=\"de_DE\" \/>\n<meta property=\"og:type\" content=\"article\" \/>\n<meta property=\"og:title\" content=\"Taxi from amsterdam to giethoorn - Giethoorn from Amsterdam\" \/>\n<meta property=\"og:description\" content=\"Need taxi ride from Amsterdam to Giethoorn? A taxi gets you there in just 1 hour 25 minutes. Discover the best taxi services and tips for a smooth journey!\" \/>\n<meta property=\"og:url\" content=\"https:\/\/giethoornfromamsterdam.com\/de\/taxi-von-amsterdam-giethoorn\/\" \/>\n<meta property=\"og:site_name\" content=\"Giethoorn from Amsterdam\" \/>\n<meta property=\"article:publisher\" content=\"https:\/\/www.facebook.com\/tuliptoursholland\/\" \/>\n<meta property=\"article:modified_time\" content=\"2025-04-29T14:16:29+00:00\" \/>\n<meta property=\"og:image\" content=\"https:\/\/giethoornfromamsterdam.com\/wp-content\/uploads\/2025\/04\/business_taxi_1.jpg\" \/>\n<meta name=\"twitter:card\" content=\"summary_large_image\" \/>\n<meta name=\"twitter:label1\" content=\"Gesch\u00e4tzte Lesezeit\" \/>\n\t<meta name=\"twitter:data1\" content=\"2\u00a0Minuten\" \/>\n<script type=\"application\/ld+json\" class=\"yoast-schema-graph\">{\"@context\":\"https:\\\/\\\/schema.org\",\"@graph\":[{\"@type\":\"WebPage\",\"@id\":\"https:\\\/\\\/giethoornfromamsterdam.com\\\/taxi-from-amsterdam-giethoorn\\\/\",\"url\":\"https:\\\/\\\/giethoornfromamsterdam.com\\\/taxi-from-amsterdam-giethoorn\\\/\",\"name\":\"Taxi from amsterdam to giethoorn - Giethoorn from Amsterdam\",\"isPartOf\":{\"@id\":\"https:\\\/\\\/giethoornfromamsterdam.com\\\/#website\"},\"primaryImageOfPage\":{\"@id\":\"https:\\\/\\\/giethoornfromamsterdam.com\\\/taxi-from-amsterdam-giethoorn\\\/#primaryimage\"},\"image\":{\"@id\":\"https:\\\/\\\/giethoornfromamsterdam.com\\\/taxi-from-amsterdam-giethoorn\\\/#primaryimage\"},\"thumbnailUrl\":\"https:\\\/\\\/giethoornfromamsterdam.com\\\/wp-content\\\/uploads\\\/2025\\\/04\\\/business_taxi_1.jpg\",\"datePublished\":\"2025-01-29T11:05:04+00:00\",\"dateModified\":\"2025-04-29T14:16:29+00:00\",\"description\":\"Need taxi ride from Amsterdam to Giethoorn? A taxi gets you there in just 1 hour 25 minutes. Discover the best taxi services and tips for a smooth journey!\",\"breadcrumb\":{\"@id\":\"https:\\\/\\\/giethoornfromamsterdam.com\\\/taxi-from-amsterdam-giethoorn\\\/#breadcrumb\"},\"inLanguage\":\"de\",\"potentialAction\":[{\"@type\":\"ReadAction\",\"target\":[\"https:\\\/\\\/giethoornfromamsterdam.com\\\/taxi-from-amsterdam-giethoorn\\\/\"]}]},{\"@type\":\"ImageObject\",\"inLanguage\":\"de\",\"@id\":\"https:\\\/\\\/giethoornfromamsterdam.com\\\/taxi-from-amsterdam-giethoorn\\\/#primaryimage\",\"url\":\"https:\\\/\\\/giethoornfromamsterdam.com\\\/wp-content\\\/uploads\\\/2025\\\/04\\\/business_taxi_1.jpg\",\"contentUrl\":\"https:\\\/\\\/giethoornfromamsterdam.com\\\/wp-content\\\/uploads\\\/2025\\\/04\\\/business_taxi_1.jpg\"},{\"@type\":\"BreadcrumbList\",\"@id\":\"https:\\\/\\\/giethoornfromamsterdam.com\\\/taxi-from-amsterdam-giethoorn\\\/#breadcrumb\",\"itemListElement\":[{\"@type\":\"ListItem\",\"position\":1,\"name\":\"Home\",\"item\":\"https:\\\/\\\/giethoornfromamsterdam.com\\\/\"},{\"@type\":\"ListItem\",\"position\":2,\"name\":\"Taxi from amsterdam to giethoorn\"}]},{\"@type\":\"WebSite\",\"@id\":\"https:\\\/\\\/giethoornfromamsterdam.com\\\/#website\",\"url\":\"https:\\\/\\\/giethoornfromamsterdam.com\\\/\",\"name\":\"Giethoorn from Amsterdam\",\"description\":\"Visit Giethoorn from Amsterdam\",\"publisher\":{\"@id\":\"https:\\\/\\\/giethoornfromamsterdam.com\\\/#organization\"},\"alternateName\":\"Visit Giethoorn form Amsterdam\",\"potentialAction\":[{\"@type\":\"SearchAction\",\"target\":{\"@type\":\"EntryPoint\",\"urlTemplate\":\"https:\\\/\\\/giethoornfromamsterdam.com\\\/?s={search_term_string}\"},\"query-input\":{\"@type\":\"PropertyValueSpecification\",\"valueRequired\":true,\"valueName\":\"search_term_string\"}}],\"inLanguage\":\"de\"},{\"@type\":\"Organization\",\"@id\":\"https:\\\/\\\/giethoornfromamsterdam.com\\\/#organization\",\"name\":\"Giethoorn from Amsterdam\",\"url\":\"https:\\\/\\\/giethoornfromamsterdam.com\\\/\",\"logo\":{\"@type\":\"ImageObject\",\"inLanguage\":\"de\",\"@id\":\"https:\\\/\\\/giethoornfromamsterdam.com\\\/#\\\/schema\\\/logo\\\/image\\\/\",\"url\":\"https:\\\/\\\/giethoornfromamsterdam.com\\\/wp-content\\\/uploads\\\/2024\\\/12\\\/cropped-Giethoorn-from-Amsterdam-2-.png\",\"contentUrl\":\"https:\\\/\\\/giethoornfromamsterdam.com\\\/wp-content\\\/uploads\\\/2024\\\/12\\\/cropped-Giethoorn-from-Amsterdam-2-.png\",\"width\":567,\"height\":162,\"caption\":\"Giethoorn from Amsterdam\"},\"image\":{\"@id\":\"https:\\\/\\\/giethoornfromamsterdam.com\\\/#\\\/schema\\\/logo\\\/image\\\/\"},\"sameAs\":[\"https:\\\/\\\/www.facebook.com\\\/tuliptoursholland\\\/\"]}]}<\/script>\n<!-- \/ Yoast SEO plugin. -->","yoast_head_json":{"title":"Taxi von amsterdam nach giethoorn - Giethoorn von Amsterdam","description":"Brauchen Sie eine Taxifahrt von Amsterdam nach Giethoorn? Ein Taxi bringt Sie in nur 1 Stunde und 25 Minuten dorthin. Entdecken Sie die besten Taxidienste und Tipps f\u00fcr eine reibungslose Fahrt!","robots":{"index":"index","follow":"follow","max-snippet":"max-snippet:-1","max-image-preview":"max-image-preview:large","max-video-preview":"max-video-preview:-1"},"canonical":"https:\/\/giethoornfromamsterdam.com\/de\/taxi-von-amsterdam-giethoorn\/","og_locale":"de_DE","og_type":"article","og_title":"Taxi from amsterdam to giethoorn - Giethoorn from Amsterdam","og_description":"Need taxi ride from Amsterdam to Giethoorn? A taxi gets you there in just 1 hour 25 minutes. Discover the best taxi services and tips for a smooth journey!","og_url":"https:\/\/giethoornfromamsterdam.com\/de\/taxi-von-amsterdam-giethoorn\/","og_site_name":"Giethoorn from Amsterdam","article_publisher":"https:\/\/www.facebook.com\/tuliptoursholland\/","article_modified_time":"2025-04-29T14:16:29+00:00","og_image":[{"url":"https:\/\/giethoornfromamsterdam.com\/wp-content\/uploads\/2025\/04\/business_taxi_1.jpg","type":"","width":"","height":""}],"twitter_card":"summary_large_image","twitter_misc":{"Gesch\u00e4tzte Lesezeit":"2\u00a0Minuten"},"schema":{"@context":"https:\/\/schema.org","@graph":[{"@type":"WebPage","@id":"https:\/\/giethoornfromamsterdam.com\/taxi-from-amsterdam-giethoorn\/","url":"https:\/\/giethoornfromamsterdam.com\/taxi-from-amsterdam-giethoorn\/","name":"Taxi von amsterdam nach giethoorn - Giethoorn von Amsterdam","isPartOf":{"@id":"https:\/\/giethoornfromamsterdam.com\/#website"},"primaryImageOfPage":{"@id":"https:\/\/giethoornfromamsterdam.com\/taxi-from-amsterdam-giethoorn\/#primaryimage"},"image":{"@id":"https:\/\/giethoornfromamsterdam.com\/taxi-from-amsterdam-giethoorn\/#primaryimage"},"thumbnailUrl":"https:\/\/giethoornfromamsterdam.com\/wp-content\/uploads\/2025\/04\/business_taxi_1.jpg","datePublished":"2025-01-29T11:05:04+00:00","dateModified":"2025-04-29T14:16:29+00:00","description":"Brauchen Sie eine Taxifahrt von Amsterdam nach Giethoorn? Ein Taxi bringt Sie in nur 1 Stunde und 25 Minuten dorthin. Entdecken Sie die besten Taxidienste und Tipps f\u00fcr eine reibungslose Fahrt!","breadcrumb":{"@id":"https:\/\/giethoornfromamsterdam.com\/taxi-from-amsterdam-giethoorn\/#breadcrumb"},"inLanguage":"de","potentialAction":[{"@type":"ReadAction","target":["https:\/\/giethoornfromamsterdam.com\/taxi-from-amsterdam-giethoorn\/"]}]},{"@type":"ImageObject","inLanguage":"de","@id":"https:\/\/giethoornfromamsterdam.com\/taxi-from-amsterdam-giethoorn\/#primaryimage","url":"https:\/\/giethoornfromamsterdam.com\/wp-content\/uploads\/2025\/04\/business_taxi_1.jpg","contentUrl":"https:\/\/giethoornfromamsterdam.com\/wp-content\/uploads\/2025\/04\/business_taxi_1.jpg"},{"@type":"BreadcrumbList","@id":"https:\/\/giethoornfromamsterdam.com\/taxi-from-amsterdam-giethoorn\/#breadcrumb","itemListElement":[{"@type":"ListItem","position":1,"name":"Home","item":"https:\/\/giethoornfromamsterdam.com\/"},{"@type":"ListItem","position":2,"name":"Taxi from amsterdam to giethoorn"}]},{"@type":"WebSite","@id":"https:\/\/giethoornfromamsterdam.com\/#website","url":"https:\/\/giethoornfromamsterdam.com\/","name":"Giethoorn aus Amsterdam","description":"Besuchen Sie Giethoorn von Amsterdam aus","publisher":{"@id":"https:\/\/giethoornfromamsterdam.com\/#organization"},"alternateName":"Visit Giethoorn form Amsterdam","potentialAction":[{"@type":"SearchAction","target":{"@type":"EntryPoint","urlTemplate":"https:\/\/giethoornfromamsterdam.com\/?s={search_term_string}"},"query-input":{"@type":"PropertyValueSpecification","valueRequired":true,"valueName":"search_term_string"}}],"inLanguage":"de"},{"@type":"Organization","@id":"https:\/\/giethoornfromamsterdam.com\/#organization","name":"Giethoorn aus Amsterdam","url":"https:\/\/giethoornfromamsterdam.com\/","logo":{"@type":"ImageObject","inLanguage":"de","@id":"https:\/\/giethoornfromamsterdam.com\/#\/schema\/logo\/image\/","url":"https:\/\/giethoornfromamsterdam.com\/wp-content\/uploads\/2024\/12\/cropped-Giethoorn-from-Amsterdam-2-.png","contentUrl":"https:\/\/giethoornfromamsterdam.com\/wp-content\/uploads\/2024\/12\/cropped-Giethoorn-from-Amsterdam-2-.png","width":567,"height":162,"caption":"Giethoorn from Amsterdam"},"image":{"@id":"https:\/\/giethoornfromamsterdam.com\/#\/schema\/logo\/image\/"},"sameAs":["https:\/\/www.facebook.com\/tuliptoursholland\/"]}]}},"_links":{"self":[{"href":"https:\/\/giethoornfromamsterdam.com\/de\/wp-json\/wp\/v2\/pages\/1543","targetHints":{"allow":["GET"]}}],"collection":[{"href":"https:\/\/giethoornfromamsterdam.com\/de\/wp-json\/wp\/v2\/pages"}],"about":[{"href":"https:\/\/giethoornfromamsterdam.com\/de\/wp-json\/wp\/v2\/types\/page"}],"author":[{"embeddable":true,"href":"https:\/\/giethoornfromamsterdam.com\/de\/wp-json\/wp\/v2\/users\/2"}],"replies":[{"embeddable":true,"href":"https:\/\/giethoornfromamsterdam.com\/de\/wp-json\/wp\/v2\/comments?post=1543"}],"version-history":[{"count":25,"href":"https:\/\/giethoornfromamsterdam.com\/de\/wp-json\/wp\/v2\/pages\/1543\/revisions"}],"predecessor-version":[{"id":3027,"href":"https:\/\/giethoornfromamsterdam.com\/de\/wp-json\/wp\/v2\/pages\/1543\/revisions\/3027"}],"wp:attachment":[{"href":"https:\/\/giethoornfromamsterdam.com\/de\/wp-json\/wp\/v2\/media?parent=1543"}],"curies":[{"name":"wp","href":"https:\/\/api.w.org\/{rel}","templated":true}]}}